{"id":95,"date":"2025-01-29T02:49:52","date_gmt":"2025-01-29T02:49:52","guid":{"rendered":"https:\/\/colegiocalifornia.mx\/?page_id=95"},"modified":"2026-01-10T17:49:35","modified_gmt":"2026-01-10T17:49:35","slug":"identidad-sic-2","status":"publish","type":"page","link":"https:\/\/colegcalifornia.edu.mx\/index.php\/identidad-sic-2\/","title":{"rendered":"Identidad SIC"},"content":{"rendered":"<p><img loading=\"lazy\" decoding=\"async\" class=\"wp-image-430 aligncenter\" src=\"https:\/\/colegcalifornia.edu.mx\/wp-content\/uploads\/2025\/02\/a1-300x202.png\" alt=\"\" width=\"659\" height=\"444\" srcset=\"https:\/\/colegcalifornia.edu.mx\/wp-content\/uploads\/2025\/02\/a1-300x202.png 300w, https:\/\/colegcalifornia.edu.mx\/wp-content\/uploads\/2025\/02\/a1-360x243.png 360w, https:\/\/colegcalifornia.edu.mx\/wp-content\/uploads\/2025\/02\/a1.png 448w\" sizes=\"auto, (max-width: 659px) 100vw, 659px\" \/><\/p>\n<p>&nbsp;<\/p>\n<blockquote><p><span style=\"color: #000080;\">Los colegios SIC, somos \u00ab<strong>instituciones que promueven la formaci\u00f3n de personas que buscan la excelencia; mediante una\u00a0 visi\u00f3n\u00a0 integral\u00a0 que impulsa el desarrollo de\u00a0 todas las \u00e1reas del ser<\/strong>: espiritual, acad\u00e9mica y social, asegurando el perfil de egreso el cual debe estar empapado de la vivencia de los valores del Evangelio de Jesucristo. Para ir haciendo realidad este ideal, el personal en general, trabaja con profunda convicci\u00f3n, con un alto compromiso y gran responsabilidad con nuestros hermanos a quienes est\u00e1 espec\u00edficamente destinada nuestra misi\u00f3n.<\/span><\/p><\/blockquote>\n<p>&nbsp;<\/p>\n<p><img loading=\"lazy\" decoding=\"async\" class=\" wp-image-582 aligncenter\" src=\"https:\/\/colegcalifornia.edu.mx\/wp-content\/uploads\/2026\/01\/ima3-300x167.png\" alt=\"\" width=\"632\" height=\"352\" srcset=\"https:\/\/colegcalifornia.edu.mx\/wp-content\/uploads\/2026\/01\/ima3-300x167.png 300w, https:\/\/colegcalifornia.edu.mx\/wp-content\/uploads\/2026\/01\/ima3-360x200.png 360w, https:\/\/colegcalifornia.edu.mx\/wp-content\/uploads\/2026\/01\/ima3.png 640w\" sizes=\"auto, (max-width: 632px) 100vw, 632px\" \/><\/p>\n<p>&nbsp;<\/p>\n<p>&nbsp;<\/p>\n<blockquote><p><span style=\"color: #000080;\"><strong>La identidad de los colegios SIC se define, por la calidad humana del servicio que ofrecemos las Directoras, los docentes, el personal administrativo y de apoyo<\/strong>, a cada uno de nuestros alumnos, padres de familia y comunidad en general; este servicio tiene como caracter\u00edstica un trato amable, donde la bondad, se hace manifiesta en el encuentro diario entre nosotros, con los alumnos y padres de familia a quienes va dirigida nuestra acci\u00f3n formativa; con actitud\u00a0 sencilla, humilde, alegre, generosa y abnegada, mostrando\u00a0 y reconociendo entre nosotros el rostro de Dios,\u00a0 desde la vida diaria con los miembros de nuestra comunidad de aprendizaje.<\/span><\/p><\/blockquote>\n<p>&nbsp;<\/p>\n<p><img loading=\"lazy\" decoding=\"async\" class=\" wp-image-610 aligncenter\" src=\"https:\/\/colegcalifornia.edu.mx\/wp-content\/uploads\/2026\/01\/ima13-300x169.png\" alt=\"\" width=\"636\" height=\"358\" srcset=\"https:\/\/colegcalifornia.edu.mx\/wp-content\/uploads\/2026\/01\/ima13-300x169.png 300w, https:\/\/colegcalifornia.edu.mx\/wp-content\/uploads\/2026\/01\/ima13-360x203.png 360w, https:\/\/colegcalifornia.edu.mx\/wp-content\/uploads\/2026\/01\/ima13.png 640w\" sizes=\"auto, (max-width: 636px) 100vw, 636px\" \/><\/p>\n<p>&nbsp;<\/p>\n<blockquote><p><span style=\"color: #000080;\">Para hacer posible esta identidad, <strong>toda la comunidad educativa integrada por directivos, docentes, alumnos y padres de familia, hacemos el esfuerzo por vivir los valores diariamente<\/strong>; as\u00ed, procurando el respeto, calidez humana,\u00a0 equidad y responsabilidad; concibiendo el di\u00e1logo como una cultura que nos identifique, \u201cconfiando en la capacidad que nos viene de Dios\u2026para servir con alegr\u00eda, sencillez, humildad, caridad y abnegaci\u00f3n\u201d .<\/span><\/p>\n<p>&nbsp;<\/p><\/blockquote>\n<p><img loading=\"lazy\" decoding=\"async\" class=\"wp-image-612 aligncenter\" src=\"https:\/\/colegcalifornia.edu.mx\/wp-content\/uploads\/2026\/01\/ima16-300x166.png\" alt=\"\" width=\"630\" height=\"349\" srcset=\"https:\/\/colegcalifornia.edu.mx\/wp-content\/uploads\/2026\/01\/ima16-300x166.png 300w, https:\/\/colegcalifornia.edu.mx\/wp-content\/uploads\/2026\/01\/ima16-360x199.png 360w, https:\/\/colegcalifornia.edu.mx\/wp-content\/uploads\/2026\/01\/ima16.png 640w\" sizes=\"auto, (max-width: 630px) 100vw, 630px\" \/><\/p>\n<p>&nbsp;<\/p>\n<blockquote><p><span style=\"color: #000080;\">Los colegios SIC, Impulsan la formaci\u00f3n de todos los\u00a0 actores\u00a0 de la comunidad, que unidos en un mismo fin, construyen\u00a0 comunidades de aprendizaje y de fe interconectadas; <strong>una\u00a0 Comunidad donde alumnos, profesores, personal de apoyo, padres de familia y hermanas SIC, buscan y hacen presente\u00a0 el bien com\u00fan,<\/strong>\u00a0 con un enfoque en la persona en un ambiente escolar de familia, de Fe;\u00a0 un ambiente de aprendizaje y para el aprendizaje, con un clima organizacional que se identifica por una comunicaci\u00f3n asertiva, cordial y de bondad; un ambiente que iluminado por los valores, impulsa la formaci\u00f3n\u00a0 de los alumnos y todo el personal, con altas expectativas, con metas claras y alto grado de motivaci\u00f3n, que inspira y construye el proyecto de vida ; una comunidad donde se impulsa el desarrollo de\u00a0 las competencias del S.XXI, donde los valores se hacen vida,\u00a0 se construye una cultura de colaboraci\u00f3n, de cordialidad y de constante innovaci\u00f3n mediante el uso de las tecnolog\u00edas.<\/span><\/p><\/blockquote>\n","protected":false},"excerpt":{"rendered":"<p>&nbsp; Los colegios SIC, somos \u00abinstituciones que promueven la formaci\u00f3n de personas que buscan la excelencia; mediante una\u00a0 visi\u00f3n\u00a0 integral\u00a0 que impulsa el desarrollo de\u00a0 todas las \u00e1reas del ser: espiritual, acad\u00e9mica y social, asegurando el perfil de egreso el <a href=\"https:\/\/colegcalifornia.edu.mx\/index.php\/identidad-sic-2\/\" class=\"read-more\">Leer m\u00e1s&#8230;<\/a><\/p>\n","protected":false},"author":1,"featured_media":0,"parent":0,"menu_order":0,"comment_status":"closed","ping_status":"closed","template":"","meta":{"footnotes":""},"class_list":["post-95","page","type-page","status-publish","hentry"],"_links":{"self":[{"href":"https:\/\/colegcalifornia.edu.mx\/index.php\/wp-json\/wp\/v2\/pages\/95","targetHints":{"allow":["GET"]}}],"collection":[{"href":"https:\/\/colegcalifornia.edu.mx\/index.php\/wp-json\/wp\/v2\/pages"}],"about":[{"href":"https:\/\/colegcalifornia.edu.mx\/index.php\/wp-json\/wp\/v2\/types\/page"}],"author":[{"embeddable":true,"href":"https:\/\/colegcalifornia.edu.mx\/index.php\/wp-json\/wp\/v2\/users\/1"}],"replies":[{"embeddable":true,"href":"https:\/\/colegcalifornia.edu.mx\/index.php\/wp-json\/wp\/v2\/comments?post=95"}],"version-history":[{"count":17,"href":"https:\/\/colegcalifornia.edu.mx\/index.php\/wp-json\/wp\/v2\/pages\/95\/revisions"}],"predecessor-version":[{"id":614,"href":"https:\/\/colegcalifornia.edu.mx\/index.php\/wp-json\/wp\/v2\/pages\/95\/revisions\/614"}],"wp:attachment":[{"href":"https:\/\/colegcalifornia.edu.mx\/index.php\/wp-json\/wp\/v2\/media?parent=95"}],"curies":[{"name":"wp","href":"https:\/\/api.w.org\/{rel}","templated":true}]}}