{"id":87,"date":"2025-01-29T01:52:41","date_gmt":"2025-01-29T01:52:41","guid":{"rendered":"https:\/\/colegiocalifornia.mx\/?page_id=87"},"modified":"2025-02-07T18:43:28","modified_gmt":"2025-02-07T18:43:28","slug":"aviso-de-privacidad","status":"publish","type":"page","link":"https:\/\/colegcalifornia.edu.mx\/index.php\/aviso-de-privacidad\/","title":{"rendered":"Aviso Privacidad"},"content":{"rendered":"<blockquote>\n<p style=\"text-align: center;\"><strong><span style=\"color: #000080;\">AVISO DE PRIVACIDAD INTEGRAL COLEGIO CALIFORNIA.<\/span><\/strong><\/p>\n<p style=\"text-align: left;\"><span style=\"color: #000080;\">El presente aviso de privacidad tiene como objeto informarle sobre el tratamiento que se le dar\u00e1 a los datos personales del menor de edad y los de quien manifieste ser su Padre, Madre o Tutor, cuando estos son recabados, utilizados, almacenados y\/o transferidos a o por \u201cJ. ABRAHAM MART\u00cdNEZ B. A.C.\u201d, desde ahora \u201cColegio California\u201d, en su calidad de Responsable, con domicilio en calle Bugambilias n\u00famero 515, entre calles Insurgentes y Constituyentes 1975, colonia fraccionamiento Ju\u00e1rez, con c\u00f3digo postal 23090, La Paz, Baja California Sur, M\u00e9xico.<\/span><\/p>\n<\/blockquote>\n<p>&nbsp;<\/p>\n<p>&nbsp;<\/p>\n<blockquote>\n<p style=\"text-align: left;\"><span style=\"color: #000080;\">Los datos personales que fueron proporcionados ser\u00e1n protegidos conforme a lo establecido en la Ley Federal de Protecci\u00f3n de Datos Personales en Posesi\u00f3n de los Particulares (LFPDPPP), su Reglamento y los Lineamientos del Aviso de Privacidad, publicados en el Diario Oficial de la Federaci\u00f3n el 17 de enero de 2013, la Ley Federal de Educaci\u00f3n, el Reglamento Interior de la Secretar\u00eda de Educaci\u00f3n P\u00fablica, la Ley Federal del Consumidor, los acuerdos publicados por la Secretar\u00eda de Educaci\u00f3n P\u00fablica y las disposiciones estatales en materia de educaci\u00f3n. El titular de los datos podr\u00e1 obtener en cualquier momento una copia de las leyes y disposiciones antes mencionadas por medio del Departamento de Datos Personales o a trav\u00e9s del correo electr\u00f3nico: administrativo@colegiocalifornia.mx, el presente aviso de privacidad se encuentra dividido por titular de los datos.<\/span><\/p>\n<\/blockquote>\n<p>&nbsp;<\/p>\n<blockquote>\n<p style=\"text-align: center;\"><span style=\"color: #000080;\">Prospectos a alumnos.<\/span><\/p>\n<p style=\"text-align: left;\"><span style=\"color: #000080;\">Colegio California le informa qu\u00e9 datos personales utilizar\u00e1 del menor para llevar a cabo los procesos de inscripci\u00f3n, permanencia y desarrollo acad\u00e9mico en todos los niveles escolares: preescolar, primaria, secundaria y preparatoria. Estos datos ser\u00e1n protegidos conforme a lo establecido en el presente aviso de privacidad, en estricto apego a las leyes aplicables para salvaguardar la privacidad y seguridad de la informaci\u00f3n.<\/span><\/p>\n<\/blockquote>\n<p>&nbsp;<\/p>\n<p><span style=\"color: #993366;\">Da clic en el siguiente enlace para consultar documento completo.<\/span><\/p>\n<p><a href=\"https:\/\/colegcalifornia.edu.mx\/wp-content\/uploads\/2025\/02\/AVISO-DE-PRIVACIDAD-COLEGIO-CALIFORNIA-PADRES-DE-FAMILIA-1.pdf\" target=\"_blank\" rel=\"noopener\">AVISO DE PRIVACIDAD COLEGIO CALIFORNIA PADRES DE FAMILIA<\/a><\/p>\n","protected":false},"excerpt":{"rendered":"<p>AVISO DE PRIVACIDAD INTEGRAL COLEGIO CALIFORNIA. El presente aviso de privacidad tiene como objeto informarle sobre el tratamiento que se le dar\u00e1 a los datos personales del menor de edad y los de quien manifieste ser su Padre, Madre o <a href=\"https:\/\/colegcalifornia.edu.mx\/index.php\/aviso-de-privacidad\/\" class=\"read-more\">Leer m\u00e1s&#8230;<\/a><\/p>\n","protected":false},"author":1,"featured_media":0,"parent":0,"menu_order":0,"comment_status":"closed","ping_status":"closed","template":"","meta":{"footnotes":""},"class_list":["post-87","page","type-page","status-publish","hentry"],"_links":{"self":[{"href":"https:\/\/colegcalifornia.edu.mx\/index.php\/wp-json\/wp\/v2\/pages\/87","targetHints":{"allow":["GET"]}}],"collection":[{"href":"https:\/\/colegcalifornia.edu.mx\/index.php\/wp-json\/wp\/v2\/pages"}],"about":[{"href":"https:\/\/colegcalifornia.edu.mx\/index.php\/wp-json\/wp\/v2\/types\/page"}],"author":[{"embeddable":true,"href":"https:\/\/colegcalifornia.edu.mx\/index.php\/wp-json\/wp\/v2\/users\/1"}],"replies":[{"embeddable":true,"href":"https:\/\/colegcalifornia.edu.mx\/index.php\/wp-json\/wp\/v2\/comments?post=87"}],"version-history":[{"count":17,"href":"https:\/\/colegcalifornia.edu.mx\/index.php\/wp-json\/wp\/v2\/pages\/87\/revisions"}],"predecessor-version":[{"id":396,"href":"https:\/\/colegcalifornia.edu.mx\/index.php\/wp-json\/wp\/v2\/pages\/87\/revisions\/396"}],"wp:attachment":[{"href":"https:\/\/colegcalifornia.edu.mx\/index.php\/wp-json\/wp\/v2\/media?parent=87"}],"curies":[{"name":"wp","href":"https:\/\/api.w.org\/{rel}","templated":true}]}}