{"id":341,"date":"2025-02-06T00:45:21","date_gmt":"2025-02-06T00:45:21","guid":{"rendered":"https:\/\/colegiocalifornia.mx\/?page_id=341"},"modified":"2025-04-04T20:34:02","modified_gmt":"2025-04-04T20:34:02","slug":"cuarta-transformacion","status":"publish","type":"page","link":"https:\/\/colegcalifornia.edu.mx\/index.php\/cuarta-transformacion\/","title":{"rendered":"Cuarta Transformaci\u00f3n"},"content":{"rendered":"<p style=\"text-align: center;\"><span style=\"color: #000080;\"><strong>\u00abEspacios de aprendizaje\u00bb<\/strong><\/span><\/p>\n<p>&nbsp;<\/p>\n<p><img loading=\"lazy\" decoding=\"async\" class=\"alignnone wp-image-484 aligncenter\" src=\"https:\/\/colegcalifornia.edu.mx\/wp-content\/uploads\/2025\/04\/monse4-1-300x188.png\" alt=\"\" width=\"755\" height=\"473\" srcset=\"https:\/\/colegcalifornia.edu.mx\/wp-content\/uploads\/2025\/04\/monse4-1-300x188.png 300w, https:\/\/colegcalifornia.edu.mx\/wp-content\/uploads\/2025\/04\/monse4-1-360x225.png 360w, https:\/\/colegcalifornia.edu.mx\/wp-content\/uploads\/2025\/04\/monse4-1.png 448w\" sizes=\"auto, (max-width: 755px) 100vw, 755px\" \/><\/p>\n<p>&nbsp;<\/p>\n<blockquote><p><span style=\"color: #000080;\">Un colegio es un lugar que por su entorno ofrece una variedad de herramientas en favor de la consolidaci\u00f3n del aprendizaje. Por su organizaci\u00f3n y estimulaci\u00f3n es un espacio que provoca en la poblaci\u00f3n estudiantil el hambre de b\u00fasqueda e investigaci\u00f3n. Ante el contexto que vivimos y las exigencias del cambio, se impera la claridad en los objetivos educativos de calidad y espacios de aprendizaje para toda la red de colegios con el fin de favorecer el crecimiento de la persona en valores, servicial y de fe.<\/span><\/p><\/blockquote>\n<p style=\"text-align: center;\"><a href=\"https:\/\/www.youtube.com\/watch?v=jKoGqfm9O28\" target=\"_blank\" rel=\"noopener\">VIDEO. 4\u00aa Transformaci\u00f3n: Espacios de aprendizaje<\/a><\/p>\n","protected":false},"excerpt":{"rendered":"<p>\u00abEspacios de aprendizaje\u00bb &nbsp; &nbsp; Un colegio es un lugar que por su entorno ofrece una variedad de herramientas en favor de la consolidaci\u00f3n del aprendizaje. Por su organizaci\u00f3n y estimulaci\u00f3n es un espacio que provoca en la poblaci\u00f3n estudiantil <a href=\"https:\/\/colegcalifornia.edu.mx\/index.php\/cuarta-transformacion\/\" class=\"read-more\">Leer m\u00e1s&#8230;<\/a><\/p>\n","protected":false},"author":1,"featured_media":0,"parent":0,"menu_order":0,"comment_status":"closed","ping_status":"closed","template":"","meta":{"footnotes":""},"class_list":["post-341","page","type-page","status-publish","hentry"],"_links":{"self":[{"href":"https:\/\/colegcalifornia.edu.mx\/index.php\/wp-json\/wp\/v2\/pages\/341","targetHints":{"allow":["GET"]}}],"collection":[{"href":"https:\/\/colegcalifornia.edu.mx\/index.php\/wp-json\/wp\/v2\/pages"}],"about":[{"href":"https:\/\/colegcalifornia.edu.mx\/index.php\/wp-json\/wp\/v2\/types\/page"}],"author":[{"embeddable":true,"href":"https:\/\/colegcalifornia.edu.mx\/index.php\/wp-json\/wp\/v2\/users\/1"}],"replies":[{"embeddable":true,"href":"https:\/\/colegcalifornia.edu.mx\/index.php\/wp-json\/wp\/v2\/comments?post=341"}],"version-history":[{"count":10,"href":"https:\/\/colegcalifornia.edu.mx\/index.php\/wp-json\/wp\/v2\/pages\/341\/revisions"}],"predecessor-version":[{"id":514,"href":"https:\/\/colegcalifornia.edu.mx\/index.php\/wp-json\/wp\/v2\/pages\/341\/revisions\/514"}],"wp:attachment":[{"href":"https:\/\/colegcalifornia.edu.mx\/index.php\/wp-json\/wp\/v2\/media?parent=341"}],"curies":[{"name":"wp","href":"https:\/\/api.w.org\/{rel}","templated":true}]}}