{"id":312,"date":"2025-02-05T19:40:22","date_gmt":"2025-02-05T19:40:22","guid":{"rendered":"https:\/\/colegiocalifornia.mx\/?page_id=312"},"modified":"2025-02-07T18:42:21","modified_gmt":"2025-02-07T18:42:21","slug":"reglamento-escolar","status":"publish","type":"page","link":"https:\/\/colegcalifornia.edu.mx\/index.php\/reglamento-escolar\/","title":{"rendered":"Reglamento Escolar"},"content":{"rendered":"<blockquote>\n<p style=\"text-align: center;\"><span style=\"color: #000080;\"><strong>Introducci\u00f3n.<\/strong><\/span><\/p>\n<p style=\"text-align: left;\"><span style=\"color: #000080;\">\u201cJ. ABRAHAM MART\u00cdNEZ B. A.C.\u201d, con nombre comercial \u201cColegio California\u201d (en adelante EL INSTITUTO) se caracteriza por ser una instituci\u00f3n educativa particular y cat\u00f3lica, comprometida con la formaci\u00f3n integral de ni\u00f1os, adolescentes y j\u00f3venes. Nuestra misi\u00f3n es educar con excelencia acad\u00e9mica, \u00e9tica y espiritual, ofreciendo una educaci\u00f3n humanista-cat\u00f3lica que pone al alumno al centro del proceso de ense\u00f1anza-aprendizaje. En este contexto, nos guiamos por los principios de respeto, justicia, equidad y defensa de los derechos humanos, asegurando un entorno inclusivo y seguro para toda nuestra comunidad educativa.<\/span><\/p>\n<p style=\"text-align: left;\"><span style=\"color: #000080;\">Liderada por educadores cat\u00f3licos \u2014tanto religiosos como laicos\u2014, la instituci\u00f3n busca ser un ejemplo vivo de profesionalismo y valores cat\u00f3licos, promoviendo la igualdad de g\u00e9nero, la justicia social y el respeto por la diversidad cultural y religiosa. Esto se logra mediante una convivencia escolar basada en el di\u00e1logo, la cooperaci\u00f3n y el respeto mutuo.<\/span><\/p>\n<\/blockquote>\n<p>&nbsp;<\/p>\n<blockquote><p><span style=\"color: #000080;\"><strong>Misi\u00f3n de EL INSTITUTO.<\/strong><\/span><br \/>\n<span style=\"color: #000080;\">Educar a ni\u00f1os, adolescentes y j\u00f3venes a trav\u00e9s de una formaci\u00f3n integral basada en principios humano-cat\u00f3licos que promueva competencias para la vida. Nuestro enfoque se centra en el aprendizaje, la empat\u00eda y la sensibilidad hacia los problemas sociales, utilizando un sistema de calidad educativa que fomenta el desarrollo de perfiles de egreso comprometidos con el bienestar social, la igualdad y los valores universales.<\/span><\/p>\n<p><span style=\"color: #000080;\">EL INSTITUTO asume el compromiso de formar ciudadanos conscientes de sus derechos y deberes, capaces de construir un entorno de paz y solidaridad. Promovemos una formaci\u00f3n que integre el desarrollo intelectual, moral, social y emocional de los estudiantes, fomentando la b\u00fasqueda de la verdad y el ejercicio de una libertad responsable, siempre con un respeto absoluto hacia las creencias, opiniones y dignidad de cada persona.<\/span><\/p><\/blockquote>\n<p>&nbsp;<\/p>\n<blockquote><p><span style=\"color: #000080;\"><strong>Enfoque Educativo y Compromiso Social.<\/strong><\/span><\/p>\n<p><span style=\"color: #000080;\">La educaci\u00f3n impartida por EL INSTITUTO responde no solo a los retos y necesidades de la ni\u00f1ez y juventud mexicana, sino tambi\u00e9n a los grandes desaf\u00edos sociales y \u00e9ticos de nuestro tiempo. Nuestra labor educativa est\u00e1 orientada al desarrollo del ser humano en su totalidad, promoviendo:<\/span><\/p><\/blockquote>\n<p>&nbsp;<\/p>\n<p><span style=\"color: #993366;\">Da clic en el siguiente enlace para consultar documento completo.<\/span><\/p>\n<p><a href=\"https:\/\/colegcalifornia.edu.mx\/wp-content\/uploads\/2025\/02\/REGLAMENTO-ESCOLAR-DEL-COLEGIO-CALIFORNIA.pdf\" target=\"_blank\" rel=\"noopener\">REGLAMENTO ESCOLAR DEL COLEGIO CALIFORNIA<\/a><\/p>\n<p>&nbsp;<\/p>\n<p>&nbsp;<\/p>\n<p>&nbsp;<\/p>\n","protected":false},"excerpt":{"rendered":"<p>Introducci\u00f3n. \u201cJ. ABRAHAM MART\u00cdNEZ B. A.C.\u201d, con nombre comercial \u201cColegio California\u201d (en adelante EL INSTITUTO) se caracteriza por ser una instituci\u00f3n educativa particular y cat\u00f3lica, comprometida con la formaci\u00f3n integral de ni\u00f1os, adolescentes y j\u00f3venes. Nuestra misi\u00f3n es educar con <a href=\"https:\/\/colegcalifornia.edu.mx\/index.php\/reglamento-escolar\/\" class=\"read-more\">Leer m\u00e1s&#8230;<\/a><\/p>\n","protected":false},"author":1,"featured_media":0,"parent":0,"menu_order":0,"comment_status":"closed","ping_status":"closed","template":"","meta":{"footnotes":""},"class_list":["post-312","page","type-page","status-publish","hentry"],"_links":{"self":[{"href":"https:\/\/colegcalifornia.edu.mx\/index.php\/wp-json\/wp\/v2\/pages\/312","targetHints":{"allow":["GET"]}}],"collection":[{"href":"https:\/\/colegcalifornia.edu.mx\/index.php\/wp-json\/wp\/v2\/pages"}],"about":[{"href":"https:\/\/colegcalifornia.edu.mx\/index.php\/wp-json\/wp\/v2\/types\/page"}],"author":[{"embeddable":true,"href":"https:\/\/colegcalifornia.edu.mx\/index.php\/wp-json\/wp\/v2\/users\/1"}],"replies":[{"embeddable":true,"href":"https:\/\/colegcalifornia.edu.mx\/index.php\/wp-json\/wp\/v2\/comments?post=312"}],"version-history":[{"count":11,"href":"https:\/\/colegcalifornia.edu.mx\/index.php\/wp-json\/wp\/v2\/pages\/312\/revisions"}],"predecessor-version":[{"id":395,"href":"https:\/\/colegcalifornia.edu.mx\/index.php\/wp-json\/wp\/v2\/pages\/312\/revisions\/395"}],"wp:attachment":[{"href":"https:\/\/colegcalifornia.edu.mx\/index.php\/wp-json\/wp\/v2\/media?parent=312"}],"curies":[{"name":"wp","href":"https:\/\/api.w.org\/{rel}","templated":true}]}}