{"id":283,"date":"2025-02-04T23:37:13","date_gmt":"2025-02-04T23:37:13","guid":{"rendered":"https:\/\/colegiocalifornia.mx\/?page_id=283"},"modified":"2025-02-07T18:48:24","modified_gmt":"2025-02-07T18:48:24","slug":"acuerdo","status":"publish","type":"page","link":"https:\/\/colegcalifornia.edu.mx\/index.php\/acuerdo\/","title":{"rendered":"Acuerdo"},"content":{"rendered":"<blockquote>\n<p style=\"text-align: center;\"><span style=\"color: #000080;\"><strong>ACUERDO que establece las bases m\u00ednimas de informaci\u00f3n para la comercializaci\u00f3n de los servicios educativos que prestan los particulares.<\/strong><\/span><\/p>\n<\/blockquote>\n<p>&nbsp;<\/p>\n<blockquote><p><span style=\"color: #000080;\">Al margen un sello con el Escudo Nacional, que dice Estados Unidos Mexicanos.- Secretar\u00eda de Comercio y Fomento Industrial.- Secretar\u00eda de Educaci\u00f3n P\u00fablica. Con fundamento en lo dispuesto por los art\u00edculos 34, fracciones II, VII, VIII y XXVII, y 38, fracciones, I, V, VI y XXXI de la Ley Org\u00e1nica de la Administraci\u00f3n P\u00fablica Federal lo., 2o., 5o., 6o., 42, 44, 52 a 55, 59 y 62 a 65, de la Ley Federal de protecci\u00f3n al Consumidor lo., 3o., 16, 17, 19, fracci\u00f3n III, 35, fracci\u00f3n Vll, 41 y 54 de la Ley Federal de Educaci\u00f3n 1o., 4o., 5o., fracci\u00f3n XV del Reglamento Interior de la Secretar\u00eda de Comercio y Fomento Industrial y, 1o. del Reglamento Interior de la Secretar\u00eda de Educaci\u00f3n P\u00fablica, y<\/span><\/p><\/blockquote>\n<p>&nbsp;<\/p>\n<blockquote><p><span style=\"color: #000080;\">CONSIDERANDO <\/span><\/p>\n<p><span style=\"color: #000080;\">Que en t\u00e9rminos del art\u00edculo 3o. Constitucional, los particulares podr\u00e1n impartir Educaci\u00f3n en todos sus tipos y grados; <\/span><\/p>\n<p><span style=\"color: #000080;\">Que los titulares de autorizaci\u00f3n o reconocimiento de validez de estudios se encuentran sujetos a las disposiciones que, con fundamento en la Ley Federal de Educaci\u00f3n, emiti\u00f3 la Secretar\u00eda de Educaci\u00f3n P\u00fablica para elevar la calidad de los servicios educativos que prestan; <\/span><\/p>\n<p><span style=\"color: #000080;\">Que adicionalmente, dichos titulares y quienes imparten estudios no sujetos a autorizaci\u00f3n o reconocimiento de validez oficial, son proveedores de servicios y, en tal virtud, se encuentran sujetos a las disposiciones de la Ley Federal de Protecci\u00f3n al Consumidor.<\/span><\/p><\/blockquote>\n<p>&nbsp;<\/p>\n<blockquote><p><span style=\"color: #000080;\">Que los servicios educativos particulares son prestados a los educandos a cambio de una contraprestaci\u00f3n econ\u00f3mica que debe ser proporcional a la calidad y naturaleza de la ense\u00f1anza recibida, a la diversidad de los servicios y a las instalaciones y recursos acad\u00e9micos que aqu\u00e9llas utilizan para el cumplimiento de su objeto; <\/span><\/p>\n<p><span style=\"color: #000080;\">Que ante esta diversidad en los servicios, no es factible establecer de manera uniforme el monto de las prestaciones que deben ser abiertas. <\/span><\/p>\n<p><span style=\"color: #000080;\">Que es facultad de la Secretar\u00eda de Comercio y Fomento Industrial fijar normas y procedimientos de comercializaci\u00f3n que favorezcan un trato equitativo en la prestaci\u00f3n de los servicios educativos que brindan los particulares, as\u00ed como una mejor provisi\u00f3n de informaci\u00f3n, se emite el siguiente.<\/span><\/p><\/blockquote>\n<p>&nbsp;<\/p>\n<p>&nbsp;<\/p>\n<p><span style=\"color: #993366;\">Da clic en el siguiente enlace para consultar documento completo.<\/span><\/p>\n<p><a href=\"https:\/\/colegcalifornia.edu.mx\/wp-content\/uploads\/2025\/02\/ACUERDO-que-establece-las-bases-minimas-de-informacion-para-la-comercializacion-de-los-servicios-educativos-que-prestan-los-particulares-1.pdf\" target=\"_blank\" rel=\"noopener\">ACUERDO que establece las bases m\u00ednimas de informaci\u00f3n para la comercializaci\u00f3n de los servicios educativos que prestan los particulares (1)<\/a><\/p>\n","protected":false},"excerpt":{"rendered":"<p>ACUERDO que establece las bases m\u00ednimas de informaci\u00f3n para la comercializaci\u00f3n de los servicios educativos que prestan los particulares. &nbsp; Al margen un sello con el Escudo Nacional, que dice Estados Unidos Mexicanos.- Secretar\u00eda de Comercio y Fomento Industrial.- Secretar\u00eda <a href=\"https:\/\/colegcalifornia.edu.mx\/index.php\/acuerdo\/\" class=\"read-more\">Leer m\u00e1s&#8230;<\/a><\/p>\n","protected":false},"author":1,"featured_media":0,"parent":0,"menu_order":0,"comment_status":"closed","ping_status":"closed","template":"","meta":{"footnotes":""},"class_list":["post-283","page","type-page","status-publish","hentry"],"_links":{"self":[{"href":"https:\/\/colegcalifornia.edu.mx\/index.php\/wp-json\/wp\/v2\/pages\/283","targetHints":{"allow":["GET"]}}],"collection":[{"href":"https:\/\/colegcalifornia.edu.mx\/index.php\/wp-json\/wp\/v2\/pages"}],"about":[{"href":"https:\/\/colegcalifornia.edu.mx\/index.php\/wp-json\/wp\/v2\/types\/page"}],"author":[{"embeddable":true,"href":"https:\/\/colegcalifornia.edu.mx\/index.php\/wp-json\/wp\/v2\/users\/1"}],"replies":[{"embeddable":true,"href":"https:\/\/colegcalifornia.edu.mx\/index.php\/wp-json\/wp\/v2\/comments?post=283"}],"version-history":[{"count":20,"href":"https:\/\/colegcalifornia.edu.mx\/index.php\/wp-json\/wp\/v2\/pages\/283\/revisions"}],"predecessor-version":[{"id":398,"href":"https:\/\/colegcalifornia.edu.mx\/index.php\/wp-json\/wp\/v2\/pages\/283\/revisions\/398"}],"wp:attachment":[{"href":"https:\/\/colegcalifornia.edu.mx\/index.php\/wp-json\/wp\/v2\/media?parent=283"}],"curies":[{"name":"wp","href":"https:\/\/api.w.org\/{rel}","templated":true}]}}