{"id":25,"date":"2025-01-28T01:21:29","date_gmt":"2025-01-28T01:21:29","guid":{"rendered":"https:\/\/colegiocalifornia.mx\/?page_id=25"},"modified":"2025-02-08T00:20:30","modified_gmt":"2025-02-08T00:20:30","slug":"modelo-educativo-sic","status":"publish","type":"page","link":"https:\/\/colegcalifornia.edu.mx\/index.php\/modelo-educativo-sic\/","title":{"rendered":"Modelo Educativo SIC"},"content":{"rendered":"<blockquote><p><span style=\"color: #000080;\">\u00abLa educaci\u00f3n reclama innovaci\u00f3n, por ello, son urgentes nuevos modelos educativos que pongan al estudiante en el centro, que fomenten todas las habilidades cognitivas y socioemocionales y que promuevan el pensamiento cr\u00edtico. Ya no hay excusas para no integrar lo digital y lo anal\u00f3gico.\u00bb (del libro, Aprendizaje Emergente. Pag. 14)<\/span><\/p>\n<p>&nbsp;<\/p>\n<p><iframe loading=\"lazy\" title=\"VISI\u00d3N GENERAL DEL NME-SIC 2022\" width=\"847\" height=\"476\" src=\"https:\/\/www.youtube.com\/embed\/RzMQLZdfL78?feature=oembed\" frameborder=\"0\" allow=\"accelerometer; autoplay; clipboard-write; encrypted-media; gyroscope; picture-in-picture; web-share\" referrerpolicy=\"strict-origin-when-cross-origin\" allowfullscreen><\/iframe><\/p>\n<p id=\"yui_3_17_2_1_1738121425934_1238\" align=\"center\"><span style=\"color: #000080;\"><em>\u201cLa transformaci\u00f3n de la escuela debe pasar por mejorar la curr\u00edcula, la metodolog\u00eda y la evaluaci\u00f3n, revisar el rol del profesor y\u00a0poner el foco en el alumno, organizar mejor los tiempos y reorganizar los espacios de aprendizaje porque\u00a0el aula tradicional no colabora a transformar la escuela\u201d.<\/em> Monserrat del Pozo<\/span><\/p>\n<\/blockquote>\n<p align=\"center\"><img loading=\"lazy\" decoding=\"async\" class=\"alignnone size-medium wp-image-161\" src=\"https:\/\/colegcalifornia.edu.mx\/wp-content\/uploads\/2025\/01\/modelo2-253x300.jpg\" alt=\"\" width=\"253\" height=\"300\" srcset=\"https:\/\/colegcalifornia.edu.mx\/wp-content\/uploads\/2025\/01\/modelo2-253x300.jpg 253w, https:\/\/colegcalifornia.edu.mx\/wp-content\/uploads\/2025\/01\/modelo2-228x270.jpg 228w, https:\/\/colegcalifornia.edu.mx\/wp-content\/uploads\/2025\/01\/modelo2.jpg 336w\" sizes=\"auto, (max-width: 253px) 100vw, 253px\" \/><\/p>\n<blockquote>\n<p align=\"center\"><span style=\"color: #000080;\"><em>Ante los nuevos desaf\u00edos y escenarios del SXXI, en los colegios SIC, compartimos la necesidad de realizar un cambio profundo que incorpora la innovaci\u00f3n y la creatividad para transformar nuestros centros de apostolado en centros de formaci\u00f3n centrados en la persona.<\/em><\/span><\/p>\n<\/blockquote>\n<p align=\"center\"><img loading=\"lazy\" decoding=\"async\" class=\"alignnone size-medium wp-image-131\" src=\"https:\/\/colegcalifornia.edu.mx\/wp-content\/uploads\/2025\/01\/modelo-239x300.png\" alt=\"\" width=\"239\" height=\"300\" srcset=\"https:\/\/colegcalifornia.edu.mx\/wp-content\/uploads\/2025\/01\/modelo-239x300.png 239w, https:\/\/colegcalifornia.edu.mx\/wp-content\/uploads\/2025\/01\/modelo-215x270.png 215w, https:\/\/colegcalifornia.edu.mx\/wp-content\/uploads\/2025\/01\/modelo.png 336w\" sizes=\"auto, (max-width: 239px) 100vw, 239px\" \/><\/p>\n<blockquote>\n<h4 id=\"yui_3_17_2_1_1738123397689_1305\" style=\"text-align: center;\"><span style=\"color: #003366;\">Hacia la implementaci\u00f3n del Nuevo Modelo Educativo SIC.<\/span><\/h4>\n<p align=\"center\"><span style=\"color: #003366;\">Nuestro Marco de referencia es El Pacto Educativo Global y la Innovaci\u00f3n sostenible, centrado en la persona, ante el cambio de la escuela, Necesitamos pensar y confiar en LAS PERSONAS: &#8230; sin su PASI\u00d3N, ni su COLABORACI\u00d3N, no hay cambio, ni mejora posible.<\/span><\/p>\n<p align=\"center\"><span style=\"color: #003366;\"><b id=\"yui_3_17_2_1_1738121772838_1164\">Madre Antonia Saucedo <\/b><b>L\u00f3pez<\/b><\/span><\/p>\n<\/blockquote>\n","protected":false},"excerpt":{"rendered":"<p>\u00abLa educaci\u00f3n reclama innovaci\u00f3n, por ello, son urgentes nuevos modelos educativos que pongan al estudiante en el centro, que fomenten todas las habilidades cognitivas y socioemocionales y que promuevan el pensamiento cr\u00edtico. Ya no hay excusas para no integrar lo <a href=\"https:\/\/colegcalifornia.edu.mx\/index.php\/modelo-educativo-sic\/\" class=\"read-more\">Leer m\u00e1s&#8230;<\/a><\/p>\n","protected":false},"author":1,"featured_media":0,"parent":0,"menu_order":0,"comment_status":"closed","ping_status":"closed","template":"","meta":{"footnotes":""},"class_list":["post-25","page","type-page","status-publish","hentry"],"_links":{"self":[{"href":"https:\/\/colegcalifornia.edu.mx\/index.php\/wp-json\/wp\/v2\/pages\/25","targetHints":{"allow":["GET"]}}],"collection":[{"href":"https:\/\/colegcalifornia.edu.mx\/index.php\/wp-json\/wp\/v2\/pages"}],"about":[{"href":"https:\/\/colegcalifornia.edu.mx\/index.php\/wp-json\/wp\/v2\/types\/page"}],"author":[{"embeddable":true,"href":"https:\/\/colegcalifornia.edu.mx\/index.php\/wp-json\/wp\/v2\/users\/1"}],"replies":[{"embeddable":true,"href":"https:\/\/colegcalifornia.edu.mx\/index.php\/wp-json\/wp\/v2\/comments?post=25"}],"version-history":[{"count":14,"href":"https:\/\/colegcalifornia.edu.mx\/index.php\/wp-json\/wp\/v2\/pages\/25\/revisions"}],"predecessor-version":[{"id":420,"href":"https:\/\/colegcalifornia.edu.mx\/index.php\/wp-json\/wp\/v2\/pages\/25\/revisions\/420"}],"wp:attachment":[{"href":"https:\/\/colegcalifornia.edu.mx\/index.php\/wp-json\/wp\/v2\/media?parent=25"}],"curies":[{"name":"wp","href":"https:\/\/api.w.org\/{rel}","templated":true}]}}