{"id":187,"date":"2025-01-29T22:33:24","date_gmt":"2025-01-29T22:33:24","guid":{"rendered":"https:\/\/colegiocalifornia.mx\/?page_id=187"},"modified":"2026-01-09T23:12:55","modified_gmt":"2026-01-09T23:12:55","slug":"documentacion","status":"publish","type":"page","link":"https:\/\/colegcalifornia.edu.mx\/index.php\/documentacion\/","title":{"rendered":"Documentaci\u00f3n"},"content":{"rendered":"<p style=\"text-align: center;\"><img loading=\"lazy\" decoding=\"async\" class=\"alignnone  wp-image-586\" src=\"https:\/\/colegcalifornia.edu.mx\/wp-content\/uploads\/2026\/01\/ima4-300x168.png\" alt=\"\" width=\"753\" height=\"421\" srcset=\"https:\/\/colegcalifornia.edu.mx\/wp-content\/uploads\/2026\/01\/ima4-300x168.png 300w, https:\/\/colegcalifornia.edu.mx\/wp-content\/uploads\/2026\/01\/ima4-360x202.png 360w, https:\/\/colegcalifornia.edu.mx\/wp-content\/uploads\/2026\/01\/ima4.png 640w\" sizes=\"auto, (max-width: 753px) 100vw, 753px\" \/><\/p>\n<p>&nbsp;<\/p>\n<p style=\"text-align: center;\"><span style=\"color: #003366;\"><strong>DOCUMENTACI\u00d3N OFICIAL DE NUESTRA COMUNIDAD DE APRENDIZAJE:<\/strong><\/span><\/p>\n<blockquote><p><span style=\"color: #333399;\"><em><strong>Aviso de privacidad integral Colegio California.<\/strong><\/em><\/span><\/p>\n<p><span style=\"color: #333399;\"><em><strong>ACUERDO que establece las bases m\u00ednimas de informaci\u00f3n para la comercializaci\u00f3n de los servicios educativos que prestan los particulares.<\/strong><\/em><\/span><\/p>\n<p><span style=\"color: #333399;\"><em><strong>Reglamento Escolar.<\/strong><\/em><\/span><\/p>\n<p><span style=\"color: #333399;\"><em><strong>Contrato de prestaci\u00f3n de servicios educativos.<\/strong><\/em><\/span><\/p><\/blockquote>\n","protected":false},"excerpt":{"rendered":"<p>&nbsp; DOCUMENTACI\u00d3N OFICIAL DE NUESTRA COMUNIDAD DE APRENDIZAJE: Aviso de privacidad integral Colegio California. ACUERDO que establece las bases m\u00ednimas de informaci\u00f3n para la comercializaci\u00f3n de los servicios educativos que prestan los particulares. Reglamento Escolar. Contrato de prestaci\u00f3n de servicios <a href=\"https:\/\/colegcalifornia.edu.mx\/index.php\/documentacion\/\" class=\"read-more\">Leer m\u00e1s&#8230;<\/a><\/p>\n","protected":false},"author":1,"featured_media":0,"parent":0,"menu_order":0,"comment_status":"closed","ping_status":"closed","template":"","meta":{"footnotes":""},"class_list":["post-187","page","type-page","status-publish","hentry"],"_links":{"self":[{"href":"https:\/\/colegcalifornia.edu.mx\/index.php\/wp-json\/wp\/v2\/pages\/187","targetHints":{"allow":["GET"]}}],"collection":[{"href":"https:\/\/colegcalifornia.edu.mx\/index.php\/wp-json\/wp\/v2\/pages"}],"about":[{"href":"https:\/\/colegcalifornia.edu.mx\/index.php\/wp-json\/wp\/v2\/types\/page"}],"author":[{"embeddable":true,"href":"https:\/\/colegcalifornia.edu.mx\/index.php\/wp-json\/wp\/v2\/users\/1"}],"replies":[{"embeddable":true,"href":"https:\/\/colegcalifornia.edu.mx\/index.php\/wp-json\/wp\/v2\/comments?post=187"}],"version-history":[{"count":4,"href":"https:\/\/colegcalifornia.edu.mx\/index.php\/wp-json\/wp\/v2\/pages\/187\/revisions"}],"predecessor-version":[{"id":603,"href":"https:\/\/colegcalifornia.edu.mx\/index.php\/wp-json\/wp\/v2\/pages\/187\/revisions\/603"}],"wp:attachment":[{"href":"https:\/\/colegcalifornia.edu.mx\/index.php\/wp-json\/wp\/v2\/media?parent=187"}],"curies":[{"name":"wp","href":"https:\/\/api.w.org\/{rel}","templated":true}]}}