{"id":144,"date":"2025-01-29T03:52:56","date_gmt":"2025-01-29T03:52:56","guid":{"rendered":"https:\/\/colegiocalifornia.mx\/?page_id=144"},"modified":"2025-04-04T20:32:28","modified_gmt":"2025-04-04T20:32:28","slug":"segunda-transformacion","status":"publish","type":"page","link":"https:\/\/colegcalifornia.edu.mx\/index.php\/segunda-transformacion\/","title":{"rendered":"Segunda Transformaci\u00f3n"},"content":{"rendered":"<p style=\"text-align: center;\"><span style=\"color: #000080;\"><strong>\u00abNuevo Rol del Profesor y nuevo Rol del Alumno\u00bb<\/strong><\/span><\/p>\n<p>&nbsp;<\/p>\n<p><img loading=\"lazy\" decoding=\"async\" class=\"alignnone wp-image-475 aligncenter\" src=\"https:\/\/colegcalifornia.edu.mx\/wp-content\/uploads\/2025\/04\/Monse2-300x188.png\" alt=\"\" width=\"750\" height=\"470\" srcset=\"https:\/\/colegcalifornia.edu.mx\/wp-content\/uploads\/2025\/04\/Monse2-300x188.png 300w, https:\/\/colegcalifornia.edu.mx\/wp-content\/uploads\/2025\/04\/Monse2-360x225.png 360w, https:\/\/colegcalifornia.edu.mx\/wp-content\/uploads\/2025\/04\/Monse2.png 448w\" sizes=\"auto, (max-width: 750px) 100vw, 750px\" \/><\/p>\n<p>&nbsp;<\/p>\n<blockquote><p><span style=\"color: #000080;\">Los docentes de los colegios SIC necesitan ser formados para dar respuestas a los retos actuales que nos demanda, para ello creemos que brindarles todas las oportunidades de capacitaci\u00f3n tanto espiritual y acad\u00e9mico ayudar\u00e1n en la formaci\u00f3n de los alumnos. Para este cambio e innovaci\u00f3n es importante sumar las mejores cualidades que se sumen a las de sus compa\u00f1eros.<\/span><\/p><\/blockquote>\n<p style=\"text-align: center;\"><a href=\"https:\/\/www.youtube.com\/watch?v=zJ85RlLVQ-A\" target=\"_blank\" rel=\"noopener\">VIDEO. 2\u00aa Transformaci\u00f3n: Rol del Profesor y Rol del Estudiante<\/a><\/p>\n<p>&nbsp;<\/p>\n<p>&nbsp;<\/p>\n","protected":false},"excerpt":{"rendered":"<p>\u00abNuevo Rol del Profesor y nuevo Rol del Alumno\u00bb &nbsp; &nbsp; Los docentes de los colegios SIC necesitan ser formados para dar respuestas a los retos actuales que nos demanda, para ello creemos que brindarles todas las oportunidades de capacitaci\u00f3n <a href=\"https:\/\/colegcalifornia.edu.mx\/index.php\/segunda-transformacion\/\" class=\"read-more\">Leer m\u00e1s&#8230;<\/a><\/p>\n","protected":false},"author":1,"featured_media":0,"parent":0,"menu_order":0,"comment_status":"closed","ping_status":"closed","template":"","meta":{"footnotes":""},"class_list":["post-144","page","type-page","status-publish","hentry"],"_links":{"self":[{"href":"https:\/\/colegcalifornia.edu.mx\/index.php\/wp-json\/wp\/v2\/pages\/144","targetHints":{"allow":["GET"]}}],"collection":[{"href":"https:\/\/colegcalifornia.edu.mx\/index.php\/wp-json\/wp\/v2\/pages"}],"about":[{"href":"https:\/\/colegcalifornia.edu.mx\/index.php\/wp-json\/wp\/v2\/types\/page"}],"author":[{"embeddable":true,"href":"https:\/\/colegcalifornia.edu.mx\/index.php\/wp-json\/wp\/v2\/users\/1"}],"replies":[{"embeddable":true,"href":"https:\/\/colegcalifornia.edu.mx\/index.php\/wp-json\/wp\/v2\/comments?post=144"}],"version-history":[{"count":10,"href":"https:\/\/colegcalifornia.edu.mx\/index.php\/wp-json\/wp\/v2\/pages\/144\/revisions"}],"predecessor-version":[{"id":512,"href":"https:\/\/colegcalifornia.edu.mx\/index.php\/wp-json\/wp\/v2\/pages\/144\/revisions\/512"}],"wp:attachment":[{"href":"https:\/\/colegcalifornia.edu.mx\/index.php\/wp-json\/wp\/v2\/media?parent=144"}],"curies":[{"name":"wp","href":"https:\/\/api.w.org\/{rel}","templated":true}]}}