{"id":143,"date":"2025-01-29T03:52:56","date_gmt":"2025-01-29T03:52:56","guid":{"rendered":"https:\/\/colegiocalifornia.mx\/?page_id=143"},"modified":"2025-04-04T20:31:58","modified_gmt":"2025-04-04T20:31:58","slug":"primera-transformacion","status":"publish","type":"page","link":"https:\/\/colegcalifornia.edu.mx\/index.php\/primera-transformacion\/","title":{"rendered":"Primera Transformaci\u00f3n"},"content":{"rendered":"<p style=\"text-align: center;\"><span style=\"color: #000080;\"><strong>\u00abCurr\u00edculum, metodolog\u00eda y evaluaci\u00f3n\u00bb<\/strong><\/span><\/p>\n<p>&nbsp;<\/p>\n<p><img loading=\"lazy\" decoding=\"async\" class=\"alignnone wp-image-469 aligncenter\" src=\"https:\/\/colegcalifornia.edu.mx\/wp-content\/uploads\/2025\/04\/monse1-300x188.png\" alt=\"\" width=\"742\" height=\"465\" srcset=\"https:\/\/colegcalifornia.edu.mx\/wp-content\/uploads\/2025\/04\/monse1-300x188.png 300w, https:\/\/colegcalifornia.edu.mx\/wp-content\/uploads\/2025\/04\/monse1-360x225.png 360w, https:\/\/colegcalifornia.edu.mx\/wp-content\/uploads\/2025\/04\/monse1.png 448w\" sizes=\"auto, (max-width: 742px) 100vw, 742px\" \/><\/p>\n<p>&nbsp;<\/p>\n<blockquote><p><span style=\"color: #000080;\">Derivado de los constantes cambios disruptivos en el mundo actual existe la necesidad apremiante de enriquecer el curr\u00edculo en el nuevo modelo educativo SIC, en el cual se precisen las nuevas formas de aprender y ense\u00f1ar con un enfoque que priorice al alumno y la alumna en la construcci\u00f3n de su aprendizaje, de tal manera que encuentre m\u00e1ximas oportunidades para desarrollar las competencias para la vida que exige su adaptaci\u00f3n social y valores espirituales de nuestra identidad congregacional en un mundo globalizado, as\u00ed como la visi\u00f3n de la persona al centro de nuestra misi\u00f3n con alumnos y alumnas felices, competentes, serviciales y formados en la fe. Modelo educativo SIC p\u00e1g. 43.<\/span><\/p><\/blockquote>\n<p style=\"text-align: center;\"><a href=\"https:\/\/www.youtube.com\/watch?v=EKj-Ymb629c\" target=\"_blank\" rel=\"noopener\">VIDEO. \u00a01\u00aa Transformaci\u00f3n: curr\u00edculum, metodolog\u00eda, evaluaci\u00f3n<\/a><\/p>\n<p>&nbsp;<\/p>\n","protected":false},"excerpt":{"rendered":"<p>\u00abCurr\u00edculum, metodolog\u00eda y evaluaci\u00f3n\u00bb &nbsp; &nbsp; Derivado de los constantes cambios disruptivos en el mundo actual existe la necesidad apremiante de enriquecer el curr\u00edculo en el nuevo modelo educativo SIC, en el cual se precisen las nuevas formas de aprender <a href=\"https:\/\/colegcalifornia.edu.mx\/index.php\/primera-transformacion\/\" class=\"read-more\">Leer m\u00e1s&#8230;<\/a><\/p>\n","protected":false},"author":1,"featured_media":0,"parent":0,"menu_order":0,"comment_status":"closed","ping_status":"closed","template":"","meta":{"footnotes":""},"class_list":["post-143","page","type-page","status-publish","hentry"],"_links":{"self":[{"href":"https:\/\/colegcalifornia.edu.mx\/index.php\/wp-json\/wp\/v2\/pages\/143","targetHints":{"allow":["GET"]}}],"collection":[{"href":"https:\/\/colegcalifornia.edu.mx\/index.php\/wp-json\/wp\/v2\/pages"}],"about":[{"href":"https:\/\/colegcalifornia.edu.mx\/index.php\/wp-json\/wp\/v2\/types\/page"}],"author":[{"embeddable":true,"href":"https:\/\/colegcalifornia.edu.mx\/index.php\/wp-json\/wp\/v2\/users\/1"}],"replies":[{"embeddable":true,"href":"https:\/\/colegcalifornia.edu.mx\/index.php\/wp-json\/wp\/v2\/comments?post=143"}],"version-history":[{"count":12,"href":"https:\/\/colegcalifornia.edu.mx\/index.php\/wp-json\/wp\/v2\/pages\/143\/revisions"}],"predecessor-version":[{"id":511,"href":"https:\/\/colegcalifornia.edu.mx\/index.php\/wp-json\/wp\/v2\/pages\/143\/revisions\/511"}],"wp:attachment":[{"href":"https:\/\/colegcalifornia.edu.mx\/index.php\/wp-json\/wp\/v2\/media?parent=143"}],"curies":[{"name":"wp","href":"https:\/\/api.w.org\/{rel}","templated":true}]}}