{"id":141,"date":"2025-01-29T03:52:56","date_gmt":"2025-01-29T03:52:56","guid":{"rendered":"https:\/\/colegiocalifornia.mx\/?page_id=141"},"modified":"2025-04-04T20:35:07","modified_gmt":"2025-04-04T20:35:07","slug":"cuatro-transformaciones","status":"publish","type":"page","link":"https:\/\/colegcalifornia.edu.mx\/index.php\/cuatro-transformaciones\/","title":{"rendered":"Cuatro Transformaciones"},"content":{"rendered":"<p style=\"text-align: center;\"><span style=\"color: #000080;\"><strong>\u00abTransformaciones para la innovaci\u00f3n sist\u00e9mica y sostenible\u00bb<\/strong><\/span><\/p>\n<p>&nbsp;<\/p>\n<p><img loading=\"lazy\" decoding=\"async\" class=\"wp-image-421 aligncenter\" src=\"https:\/\/colegcalifornia.edu.mx\/wp-content\/uploads\/2025\/02\/Monserratg-300x177.png\" alt=\"\" width=\"884\" height=\"522\" srcset=\"https:\/\/colegcalifornia.edu.mx\/wp-content\/uploads\/2025\/02\/Monserratg-300x177.png 300w, https:\/\/colegcalifornia.edu.mx\/wp-content\/uploads\/2025\/02\/Monserratg-360x212.png 360w, https:\/\/colegcalifornia.edu.mx\/wp-content\/uploads\/2025\/02\/Monserratg.png 448w\" sizes=\"auto, (max-width: 884px) 100vw, 884px\" \/><\/p>\n<p>&nbsp;<\/p>\n<p>&nbsp;<\/p>\n<blockquote><p><span style=\"color: #000080;\">Educar desde la escuela para la vida, requiere formar personas flexibles, globales y abiertas al cambio, con una formaci\u00f3n en varios idiomas, multiculturales, sist\u00e9micas y digitales; capaces de adaptarse a la complejidad y de responder a los desaf\u00edos de un entorno local y global.<\/span><\/p><\/blockquote>\n<p>&nbsp;<\/p>\n<blockquote><p>&nbsp;<\/p>\n<p><span style=\"color: #000080;\">Ante los nuevos desaf\u00edos y escenarios del SXXI, en los colegios SIC, elegimos realizar un cambio profundo incorporando la innovaci\u00f3n en el proceso educativo para dar respuesta a la formaci\u00f3n actualizada de nuestros alumnos a trav\u00e9s de <strong>las cuatro transformaciones interrelacionadas entre s\u00ed<\/strong>:<\/span><\/p><\/blockquote>\n<p><img loading=\"lazy\" decoding=\"async\" class=\"wp-image-211 aligncenter\" src=\"https:\/\/colegcalifornia.edu.mx\/wp-content\/uploads\/2025\/01\/4-300x254.png\" alt=\"\" width=\"661\" height=\"560\" srcset=\"https:\/\/colegcalifornia.edu.mx\/wp-content\/uploads\/2025\/01\/4-300x254.png 300w, https:\/\/colegcalifornia.edu.mx\/wp-content\/uploads\/2025\/01\/4-318x270.png 318w, https:\/\/colegcalifornia.edu.mx\/wp-content\/uploads\/2025\/01\/4.png 566w\" sizes=\"auto, (max-width: 661px) 100vw, 661px\" \/><\/p>\n<p>&nbsp;<\/p>\n<p style=\"text-align: center;\"><span style=\"color: #993366;\">Consultar, Modelo Educativo SIC. P\u00e1ginas 43-93.<\/span><\/p>\n<p style=\"text-align: center;\"><a href=\"https:\/\/www.youtube.com\/watch?v=PI9LMq3qXc0&amp;t=92s\" target=\"_blank\" rel=\"noopener\">VIDEO. Transformaciones para la innovaci\u00f3n sist\u00e9mica y sostenible<\/a><\/p>\n","protected":false},"excerpt":{"rendered":"<p>\u00abTransformaciones para la innovaci\u00f3n sist\u00e9mica y sostenible\u00bb &nbsp; &nbsp; &nbsp; Educar desde la escuela para la vida, requiere formar personas flexibles, globales y abiertas al cambio, con una formaci\u00f3n en varios idiomas, multiculturales, sist\u00e9micas y digitales; capaces de adaptarse a <a href=\"https:\/\/colegcalifornia.edu.mx\/index.php\/cuatro-transformaciones\/\" class=\"read-more\">Leer m\u00e1s&#8230;<\/a><\/p>\n","protected":false},"author":1,"featured_media":0,"parent":0,"menu_order":0,"comment_status":"closed","ping_status":"closed","template":"","meta":{"footnotes":""},"class_list":["post-141","page","type-page","status-publish","hentry"],"_links":{"self":[{"href":"https:\/\/colegcalifornia.edu.mx\/index.php\/wp-json\/wp\/v2\/pages\/141","targetHints":{"allow":["GET"]}}],"collection":[{"href":"https:\/\/colegcalifornia.edu.mx\/index.php\/wp-json\/wp\/v2\/pages"}],"about":[{"href":"https:\/\/colegcalifornia.edu.mx\/index.php\/wp-json\/wp\/v2\/types\/page"}],"author":[{"embeddable":true,"href":"https:\/\/colegcalifornia.edu.mx\/index.php\/wp-json\/wp\/v2\/users\/1"}],"replies":[{"embeddable":true,"href":"https:\/\/colegcalifornia.edu.mx\/index.php\/wp-json\/wp\/v2\/comments?post=141"}],"version-history":[{"count":20,"href":"https:\/\/colegcalifornia.edu.mx\/index.php\/wp-json\/wp\/v2\/pages\/141\/revisions"}],"predecessor-version":[{"id":516,"href":"https:\/\/colegcalifornia.edu.mx\/index.php\/wp-json\/wp\/v2\/pages\/141\/revisions\/516"}],"wp:attachment":[{"href":"https:\/\/colegcalifornia.edu.mx\/index.php\/wp-json\/wp\/v2\/media?parent=141"}],"curies":[{"name":"wp","href":"https:\/\/api.w.org\/{rel}","templated":true}]}}