{"id":135,"date":"2025-01-29T03:45:31","date_gmt":"2025-01-29T03:45:31","guid":{"rendered":"https:\/\/colegiocalifornia.mx\/?page_id=135"},"modified":"2026-01-10T18:15:57","modified_gmt":"2026-01-10T18:15:57","slug":"liderazgo-sic","status":"publish","type":"page","link":"https:\/\/colegcalifornia.edu.mx\/index.php\/liderazgo-sic\/","title":{"rendered":"Liderazgo SIC"},"content":{"rendered":"<blockquote>\n<p style=\"text-align: center;\"><span style=\"color: #000080;\"><strong>\u201cNo se es l\u00edder por las circunstancias que rodean a una persona sean o no favorables, se es l\u00edder por las decisiones que se toman a partir de las circunstancias\u201d.\u00a0 <\/strong>Madre Monserrat Del Pozo<\/span><\/p>\n<\/blockquote>\n<p>&nbsp;<\/p>\n<p><img loading=\"lazy\" decoding=\"async\" class=\"alignnone wp-image-423\" src=\"https:\/\/colegcalifornia.edu.mx\/wp-content\/uploads\/2025\/02\/Modeloedu-300x225.jpg\" alt=\"\" width=\"1032\" height=\"774\" srcset=\"https:\/\/colegcalifornia.edu.mx\/wp-content\/uploads\/2025\/02\/Modeloedu-300x225.jpg 300w, https:\/\/colegcalifornia.edu.mx\/wp-content\/uploads\/2025\/02\/Modeloedu-768x576.jpg 768w, https:\/\/colegcalifornia.edu.mx\/wp-content\/uploads\/2025\/02\/Modeloedu-360x270.jpg 360w, https:\/\/colegcalifornia.edu.mx\/wp-content\/uploads\/2025\/02\/Modeloedu.jpg 1024w\" sizes=\"auto, (max-width: 1032px) 100vw, 1032px\" \/><\/p>\n<p>&nbsp;<\/p>\n<blockquote><p><span style=\"color: #000080;\"><strong>2. 1. Desaf\u00edos Educativos del S. XXI <\/strong><\/span><\/p>\n<p><span style=\"color: #000080;\">Esta transformaci\u00f3n profunda que se quiere implementar al interior de nuestros Colegios SIC, requiere comprender que el proceso educativo tiene que romper con los viejos paradigmas y responder a los desaf\u00edos sist\u00e9micos del mundo global, din\u00e1mico y cambiante a trav\u00e9s de las cuatro transformaciones de nuestro Modelo Educativo y centrar dicho proceso en la persona, considerada el centro de nuestra misi\u00f3n educativa; cuyo fin es formar hombres y mujeres de Fe, comprometidos, competentes, serviciales y felices; estas virtudes y cualidades son el deseo aspiracional de los colegios SIC; por lo que se nos abre una oportunidad para contribuir a transformar nuestros centros de apostolados y poner la semilla para surjan generaciones de hombres y mujeres de bien, que sus acciones contribuyan al desarrollo de su Patria y del mundo global.<\/span><\/p><\/blockquote>\n<p><img loading=\"lazy\" decoding=\"async\" class=\" wp-image-623 aligncenter\" src=\"https:\/\/colegcalifornia.edu.mx\/wp-content\/uploads\/2026\/01\/ima12-300x167.png\" alt=\"\" width=\"701\" height=\"390\" srcset=\"https:\/\/colegcalifornia.edu.mx\/wp-content\/uploads\/2026\/01\/ima12-300x167.png 300w, https:\/\/colegcalifornia.edu.mx\/wp-content\/uploads\/2026\/01\/ima12-360x200.png 360w, https:\/\/colegcalifornia.edu.mx\/wp-content\/uploads\/2026\/01\/ima12.png 640w\" sizes=\"auto, (max-width: 701px) 100vw, 701px\" \/><\/p>\n<p>&nbsp;<\/p>\n<blockquote><p><span style=\"color: #000080;\">Es por ello, que en el \u00e1mbito educativo se ha centrado la atenci\u00f3n en una preocupaci\u00f3n constante: \u00bfC\u00f3mo debe de ser el perfil del alumno del S. XXI?, \u00bfQu\u00e9 habilidades y competencias deben de tener los alumnos para responder a las exigencias de este mundo global, cambiante y din\u00e1mico? \u00bfC\u00f3mo formar seres humanos aut\u00f3nomos, cr\u00edticos de pensamiento, creativos, propositivos y con libertad para tomar decisiones y responder a los retos del mundo global? Estas interrogantes suelen ser una de las prioridades en esta transformaci\u00f3n educativa del Nuevo Modelo Educativo SIC y suelen trazarse como uno de los grandes desaf\u00edos que hoy d\u00eda y en la mayor\u00eda de los centros educativos enfrentamos.<\/span><\/p><\/blockquote>\n<p>&nbsp;<\/p>\n<p>&nbsp;<\/p>\n<p><span style=\"color: #993366;\">Consultar, Modelo Educativo SIC. P\u00e1ginas 23-42.<\/span><\/p>\n<p><a href=\"https:\/\/colegcalifornia.edu.mx\/wp-content\/uploads\/2025\/02\/MODELO-EDUCATIVO-FINAL.pdf\" target=\"_blank\" rel=\"noopener\">MODELO EDUCATIVO FINAL<\/a><\/p>\n","protected":false},"excerpt":{"rendered":"<p>\u201cNo se es l\u00edder por las circunstancias que rodean a una persona sean o no favorables, se es l\u00edder por las decisiones que se toman a partir de las circunstancias\u201d.\u00a0 Madre Monserrat Del Pozo &nbsp; &nbsp; 2. 1. Desaf\u00edos Educativos <a href=\"https:\/\/colegcalifornia.edu.mx\/index.php\/liderazgo-sic\/\" class=\"read-more\">Leer m\u00e1s&#8230;<\/a><\/p>\n","protected":false},"author":1,"featured_media":0,"parent":0,"menu_order":0,"comment_status":"closed","ping_status":"closed","template":"","meta":{"footnotes":""},"class_list":["post-135","page","type-page","status-publish","hentry"],"_links":{"self":[{"href":"https:\/\/colegcalifornia.edu.mx\/index.php\/wp-json\/wp\/v2\/pages\/135","targetHints":{"allow":["GET"]}}],"collection":[{"href":"https:\/\/colegcalifornia.edu.mx\/index.php\/wp-json\/wp\/v2\/pages"}],"about":[{"href":"https:\/\/colegcalifornia.edu.mx\/index.php\/wp-json\/wp\/v2\/types\/page"}],"author":[{"embeddable":true,"href":"https:\/\/colegcalifornia.edu.mx\/index.php\/wp-json\/wp\/v2\/users\/1"}],"replies":[{"embeddable":true,"href":"https:\/\/colegcalifornia.edu.mx\/index.php\/wp-json\/wp\/v2\/comments?post=135"}],"version-history":[{"count":9,"href":"https:\/\/colegcalifornia.edu.mx\/index.php\/wp-json\/wp\/v2\/pages\/135\/revisions"}],"predecessor-version":[{"id":626,"href":"https:\/\/colegcalifornia.edu.mx\/index.php\/wp-json\/wp\/v2\/pages\/135\/revisions\/626"}],"wp:attachment":[{"href":"https:\/\/colegcalifornia.edu.mx\/index.php\/wp-json\/wp\/v2\/media?parent=135"}],"curies":[{"name":"wp","href":"https:\/\/api.w.org\/{rel}","templated":true}]}}