{"id":133,"date":"2025-01-29T03:45:31","date_gmt":"2025-01-29T03:45:31","guid":{"rendered":"https:\/\/colegiocalifornia.mx\/?page_id=133"},"modified":"2026-01-10T17:58:52","modified_gmt":"2026-01-10T17:58:52","slug":"filosofia-sic","status":"publish","type":"page","link":"https:\/\/colegcalifornia.edu.mx\/index.php\/filosofia-sic\/","title":{"rendered":"Filosof\u00eda Educativa SIC"},"content":{"rendered":"<p><img loading=\"lazy\" decoding=\"async\" class=\"wp-image-214 aligncenter\" src=\"https:\/\/colegcalifornia.edu.mx\/wp-content\/uploads\/2025\/01\/somos1-300x200.jpg\" alt=\"\" width=\"831\" height=\"554\" srcset=\"https:\/\/colegcalifornia.edu.mx\/wp-content\/uploads\/2025\/01\/somos1-300x200.jpg 300w, https:\/\/colegcalifornia.edu.mx\/wp-content\/uploads\/2025\/01\/somos1-768x512.jpg 768w, https:\/\/colegcalifornia.edu.mx\/wp-content\/uploads\/2025\/01\/somos1-360x240.jpg 360w, https:\/\/colegcalifornia.edu.mx\/wp-content\/uploads\/2025\/01\/somos1.jpg 1024w\" sizes=\"auto, (max-width: 831px) 100vw, 831px\" \/><\/p>\n<p>&nbsp;<\/p>\n<blockquote><p><span style=\"color: #000080;\">Como Colegios SIC, <strong>somos conscientes del gran compromiso que implica Formar a los ciudadanos de un mundo que est\u00e1 en permanente transformaci\u00f3n,<\/strong> que implica la formaci\u00f3n integral de las personas mediante una fe viva, expl\u00edcita y operativa que permita iluminar la consciencia social de su entorno en la b\u00fasqueda de la verdad, la belleza y el bien com\u00fan.<\/span><\/p><\/blockquote>\n<p><img loading=\"lazy\" decoding=\"async\" class=\"alignnone wp-image-615 aligncenter\" src=\"https:\/\/colegcalifornia.edu.mx\/wp-content\/uploads\/2026\/01\/ima6-300x167.png\" alt=\"\" width=\"834\" height=\"464\" srcset=\"https:\/\/colegcalifornia.edu.mx\/wp-content\/uploads\/2026\/01\/ima6-300x167.png 300w, https:\/\/colegcalifornia.edu.mx\/wp-content\/uploads\/2026\/01\/ima6-360x201.png 360w, https:\/\/colegcalifornia.edu.mx\/wp-content\/uploads\/2026\/01\/ima6.png 640w\" sizes=\"auto, (max-width: 834px) 100vw, 834px\" \/><\/p>\n<p>&nbsp;<\/p>\n<blockquote>\n<p style=\"text-align: center;\"><span style=\"color: #000080;\"><strong>Poner al centro a la persona es humanizar la educaci\u00f3n<\/strong>, cuando acompa\u00f1amos a cada uno de nuestros alumnos para que vayan descubriendo el sentido de su existencia, mediante un constante trabajo personal de b\u00fasqueda, mediante la elaboraci\u00f3n de un plan personal de aprendizaje, que les guie a discernir su vocaci\u00f3n existencial, construyendo un proyecto personal de vida, para que descubra as\u00ed el camino de su felicidad.<\/span><\/p>\n<\/blockquote>\n<p><img loading=\"lazy\" decoding=\"async\" class=\" wp-image-620 aligncenter\" src=\"https:\/\/colegcalifornia.edu.mx\/wp-content\/uploads\/2026\/01\/ima7-300x168.png\" alt=\"\" width=\"846\" height=\"474\" srcset=\"https:\/\/colegcalifornia.edu.mx\/wp-content\/uploads\/2026\/01\/ima7-300x168.png 300w, https:\/\/colegcalifornia.edu.mx\/wp-content\/uploads\/2026\/01\/ima7-360x202.png 360w, https:\/\/colegcalifornia.edu.mx\/wp-content\/uploads\/2026\/01\/ima7.png 640w\" sizes=\"auto, (max-width: 846px) 100vw, 846px\" \/><\/p>\n<p>&nbsp;<\/p>\n<blockquote><p><span style=\"color: #000080;\">Los Colegios SIC, <strong>somos colegios con una visi\u00f3n humanista-cristiana cat\u00f3lica,<\/strong> que consolida el desarrollo arm\u00f3nico de la comunidad, mediante la formaci\u00f3n en valores, como fundamento del proyecto de vida.<\/span><\/p><\/blockquote>\n<p>&nbsp;<\/p>\n<p>&nbsp;<\/p>\n<p><span style=\"color: #993366;\">Consultar, Modelo Educativo SIC. P\u00e1ginas 1-22.<\/span><\/p>\n<p><a href=\"https:\/\/colegcalifornia.edu.mx\/wp-content\/uploads\/2025\/02\/MODELO-EDUCATIVO-FINAL.pdf\" target=\"_blank\" rel=\"noopener\">MODELO EDUCATIVO FINAL<\/a><\/p>\n<p>&nbsp;<\/p>\n","protected":false},"excerpt":{"rendered":"<p>&nbsp; Como Colegios SIC, somos conscientes del gran compromiso que implica Formar a los ciudadanos de un mundo que est\u00e1 en permanente transformaci\u00f3n, que implica la formaci\u00f3n integral de las personas mediante una fe viva, expl\u00edcita y operativa que permita <a href=\"https:\/\/colegcalifornia.edu.mx\/index.php\/filosofia-sic\/\" class=\"read-more\">Leer m\u00e1s&#8230;<\/a><\/p>\n","protected":false},"author":1,"featured_media":0,"parent":0,"menu_order":0,"comment_status":"closed","ping_status":"closed","template":"","meta":{"footnotes":""},"class_list":["post-133","page","type-page","status-publish","hentry"],"_links":{"self":[{"href":"https:\/\/colegcalifornia.edu.mx\/index.php\/wp-json\/wp\/v2\/pages\/133","targetHints":{"allow":["GET"]}}],"collection":[{"href":"https:\/\/colegcalifornia.edu.mx\/index.php\/wp-json\/wp\/v2\/pages"}],"about":[{"href":"https:\/\/colegcalifornia.edu.mx\/index.php\/wp-json\/wp\/v2\/types\/page"}],"author":[{"embeddable":true,"href":"https:\/\/colegcalifornia.edu.mx\/index.php\/wp-json\/wp\/v2\/users\/1"}],"replies":[{"embeddable":true,"href":"https:\/\/colegcalifornia.edu.mx\/index.php\/wp-json\/wp\/v2\/comments?post=133"}],"version-history":[{"count":14,"href":"https:\/\/colegcalifornia.edu.mx\/index.php\/wp-json\/wp\/v2\/pages\/133\/revisions"}],"predecessor-version":[{"id":621,"href":"https:\/\/colegcalifornia.edu.mx\/index.php\/wp-json\/wp\/v2\/pages\/133\/revisions\/621"}],"wp:attachment":[{"href":"https:\/\/colegcalifornia.edu.mx\/index.php\/wp-json\/wp\/v2\/media?parent=133"}],"curies":[{"name":"wp","href":"https:\/\/api.w.org\/{rel}","templated":true}]}}