{"id":120,"date":"2025-01-29T03:05:07","date_gmt":"2025-01-29T03:05:07","guid":{"rendered":"https:\/\/colegiocalifornia.mx\/?page_id=120"},"modified":"2025-02-11T23:18:22","modified_gmt":"2025-02-11T23:18:22","slug":"historia","status":"publish","type":"page","link":"https:\/\/colegcalifornia.edu.mx\/index.php\/historia\/","title":{"rendered":"Historia"},"content":{"rendered":"<blockquote>\n<p style=\"text-align: center;\"><span style=\"color: #000080;\"><strong>\u00abFUNDACI\u00d3N DEL COLEGIO CALIFORNIA EN LA CIUDAD DE LA PAZ, B.C.S.\u00bb<\/strong><\/span><\/p>\n<\/blockquote>\n<p>&nbsp;<\/p>\n<p><img loading=\"lazy\" decoding=\"async\" class=\"wp-image-255 aligncenter\" src=\"https:\/\/colegcalifornia.edu.mx\/wp-content\/uploads\/2025\/01\/california1-300x214.jpeg\" alt=\"\" width=\"866\" height=\"618\" srcset=\"https:\/\/colegcalifornia.edu.mx\/wp-content\/uploads\/2025\/01\/california1-300x214.jpeg 300w, https:\/\/colegcalifornia.edu.mx\/wp-content\/uploads\/2025\/01\/california1-768x549.jpeg 768w, https:\/\/colegcalifornia.edu.mx\/wp-content\/uploads\/2025\/01\/california1-360x257.jpeg 360w, https:\/\/colegcalifornia.edu.mx\/wp-content\/uploads\/2025\/01\/california1.jpeg 964w\" sizes=\"auto, (max-width: 866px) 100vw, 866px\" \/><\/p>\n<p>&nbsp;<\/p>\n<blockquote><p><span style=\"color: #000080;\">En el a\u00f1o de 1978 llegaron a la ciudad de la Paz B.C.S. las primeras hermanas Siervas de la Inmaculada Concepci\u00f3n, cuya fundaci\u00f3n fue en Tac\u00e1mbaro Mich. Por el Exmo. Sr. Obispo Jos\u00e9 Abraham Mart\u00ednez Betancourt.<\/span><\/p><\/blockquote>\n<p><span style=\"color: #000080;\">Ellas fueron: Hna. Amalia Guti\u00e9rrez Morfin, Ma. Del Refugio Arriaga Mu\u00f1iz y Guadalupe Villanueva Vega, con el fin de fundar el Colegio California a <strong>petici\u00f3n del excelent\u00edsimo Sr. Gilberto Valbuena S\u00e1nchez. Primer Obispo\u00a0 de La Paz<\/strong>, dicha solicitud la hizo al\u00a0 Sr. Obispo Abraham Mart\u00ednez Betancourt y la Superiora General Mar\u00eda de La Paz Rauda Pacheco, para hacerse cargo de un Colegio mixto con secundaria de esa ciudad.<\/span><\/p>\n<p><img loading=\"lazy\" decoding=\"async\" class=\"wp-image-258 aligncenter\" src=\"https:\/\/colegcalifornia.edu.mx\/wp-content\/uploads\/2025\/01\/Obispo-300x207.png\" alt=\"\" width=\"564\" height=\"389\" srcset=\"https:\/\/colegcalifornia.edu.mx\/wp-content\/uploads\/2025\/01\/Obispo-300x207.png 300w, https:\/\/colegcalifornia.edu.mx\/wp-content\/uploads\/2025\/01\/Obispo-360x248.png 360w, https:\/\/colegcalifornia.edu.mx\/wp-content\/uploads\/2025\/01\/Obispo.png 640w\" sizes=\"auto, (max-width: 564px) 100vw, 564px\" \/><\/p>\n<blockquote><p><span style=\"color: #000080;\">El religioso poblano, Gilberto Valbuena S\u00e1nchez, quien fue el primer obispo de la Di\u00f3cesis de La Paz, Baja California<\/span><\/p><\/blockquote>\n<p><span style=\"color: #000080;\">La fundaci\u00f3n comenz\u00f3 en un edificio de la Iglesia anexo a la Capilla del Sagrado Coraz\u00f3n de Jes\u00fas, dando clases a 40 alumnos de primer grado de secundaria en su turno matutino, entre ellos estaban 10 alumnos del seminario y 15 de re-adaptaci\u00f3n social. Se estuvo trabajando durante ocho a\u00f1os y a petici\u00f3n de los padres de familia se form\u00f3 el nivel primaria para la formaci\u00f3n de los ni\u00f1os y ni\u00f1as de la ciudad. \u00a0La primera Directora fue la hermana Guadalupe Villanueva Vega que atend\u00eda el primer a\u00f1o.<\/span><\/p>\n<p><img loading=\"lazy\" decoding=\"async\" class=\"alignnone wp-image-261 aligncenter\" src=\"https:\/\/colegcalifornia.edu.mx\/wp-content\/uploads\/2025\/01\/california2-1-300x224.jpeg\" alt=\"\" width=\"911\" height=\"680\" srcset=\"https:\/\/colegcalifornia.edu.mx\/wp-content\/uploads\/2025\/01\/california2-1-300x224.jpeg 300w, https:\/\/colegcalifornia.edu.mx\/wp-content\/uploads\/2025\/01\/california2-1-768x573.jpeg 768w, https:\/\/colegcalifornia.edu.mx\/wp-content\/uploads\/2025\/01\/california2-1-360x270.jpeg 360w, https:\/\/colegcalifornia.edu.mx\/wp-content\/uploads\/2025\/01\/california2-1.jpeg 1024w\" sizes=\"auto, (max-width: 911px) 100vw, 911px\" \/><\/p>\n<p>&nbsp;<\/p>\n<blockquote><p><span style=\"color: #000080;\">Conforme pasaba el tiempo era necesario buscar un terreno propio para dar continuidad a este proyecto de Dios de educar a la ni\u00f1ez y juventud, as\u00ed con ayuda del presb\u00edtero Isaac Villafa\u00f1a Arroyo, quien consigui\u00f3 un terrero con el Se\u00f1or Gregorio Mart\u00ednez (finado).<\/span><\/p><\/blockquote>\n<p>Hubo un problema con dicho \u00a0terreno porque ah\u00ed estaba la gasera de la ciudad y no se permit\u00eda construir cerca. Para resolver, la Hermana Amalia tuvo que acudir a una asociaci\u00f3n due\u00f1a del terreno de enfrente, dicha asociaci\u00f3n ten\u00eda su mesa directiva en Mazatl\u00e1n y se hizo un intercambio del terreno donado al Colegio.<\/p>\n<blockquote><p><span style=\"color: #000080;\">El Excelent\u00edsimo Sr. Gilberto Valbuena S\u00e1nchez en compa\u00f1\u00eda de las Hermanas, alumnos, padres de familia y donadores del terreno, bendijo la primera piedra del Colegio. Se aclara\u00a0\u00a0 que la primera piedra se coloc\u00f3 en el terreno actual que ocupa el Colegio.<\/span><\/p><\/blockquote>\n<p>&nbsp;<\/p>\n<p><img loading=\"lazy\" decoding=\"async\" class=\"wp-image-269 aligncenter\" src=\"https:\/\/colegcalifornia.edu.mx\/wp-content\/uploads\/2025\/01\/california3-300x247.jpeg\" alt=\"\" width=\"894\" height=\"736\" srcset=\"https:\/\/colegcalifornia.edu.mx\/wp-content\/uploads\/2025\/01\/california3-300x247.jpeg 300w, https:\/\/colegcalifornia.edu.mx\/wp-content\/uploads\/2025\/01\/california3-768x632.jpeg 768w, https:\/\/colegcalifornia.edu.mx\/wp-content\/uploads\/2025\/01\/california3-328x270.jpeg 328w, https:\/\/colegcalifornia.edu.mx\/wp-content\/uploads\/2025\/01\/california3.jpeg 1024w\" sizes=\"auto, (max-width: 894px) 100vw, 894px\" \/><\/p>\n<p>&nbsp;<\/p>\n<p><span style=\"color: #000080;\">Las primeras hermanas trabajaron con gran esp\u00edritu de servicio y generosidad para ir poco a poco construyendo y brindar mejores espacios para sus alumnos, sin duda no fueron momentos f\u00e1ciles, pero siempre confiaron en que Dios llevar\u00eda a buen t\u00e9rmino esta obra.<\/span><\/p>\n<p><img loading=\"lazy\" decoding=\"async\" class=\"wp-image-265 aligncenter\" src=\"https:\/\/colegcalifornia.edu.mx\/wp-content\/uploads\/2025\/01\/california4-300x224.jpg\" alt=\"\" width=\"880\" height=\"657\" srcset=\"https:\/\/colegcalifornia.edu.mx\/wp-content\/uploads\/2025\/01\/california4-300x224.jpg 300w, https:\/\/colegcalifornia.edu.mx\/wp-content\/uploads\/2025\/01\/california4-768x574.jpg 768w, https:\/\/colegcalifornia.edu.mx\/wp-content\/uploads\/2025\/01\/california4-360x270.jpg 360w, https:\/\/colegcalifornia.edu.mx\/wp-content\/uploads\/2025\/01\/california4.jpg 1024w\" sizes=\"auto, (max-width: 880px) 100vw, 880px\" \/><\/p>\n<p>&nbsp;<\/p>\n<h2 style=\"text-align: center;\"><span style=\"color: #003366;\"><strong>INCORPORACI\u00d3N DE CADA NIVEL EDUCATIVO<\/strong><\/span><\/h2>\n<ul>\n<li style=\"text-align: center;\">\n<blockquote><p><span style=\"color: #003366;\">Secundaria 02 de septiembre de 1981.<\/span><\/p><\/blockquote>\n<\/li>\n<li style=\"text-align: center;\">\n<blockquote><p><span style=\"color: #003366;\">Primaria 10 de octubre de 1983.<\/span><\/p><\/blockquote>\n<\/li>\n<li style=\"text-align: center;\">\n<blockquote><p><span style=\"color: #003366;\">Preparatoria. 01 de septiembre de 1992.<\/span><\/p><\/blockquote>\n<\/li>\n<li style=\"text-align: center;\">\n<blockquote><p><span style=\"color: #003366;\">Preescolar 04 de octubre 2005<\/span><\/p><\/blockquote>\n<\/li>\n<\/ul>\n","protected":false},"excerpt":{"rendered":"<p>\u00abFUNDACI\u00d3N DEL COLEGIO CALIFORNIA EN LA CIUDAD DE LA PAZ, B.C.S.\u00bb &nbsp; &nbsp; En el a\u00f1o de 1978 llegaron a la ciudad de la Paz B.C.S. las primeras hermanas Siervas de la Inmaculada Concepci\u00f3n, cuya fundaci\u00f3n fue en Tac\u00e1mbaro Mich. <a href=\"https:\/\/colegcalifornia.edu.mx\/index.php\/historia\/\" class=\"read-more\">Leer m\u00e1s&#8230;<\/a><\/p>\n","protected":false},"author":1,"featured_media":0,"parent":0,"menu_order":0,"comment_status":"closed","ping_status":"closed","template":"","meta":{"footnotes":""},"class_list":["post-120","page","type-page","status-publish","hentry"],"_links":{"self":[{"href":"https:\/\/colegcalifornia.edu.mx\/index.php\/wp-json\/wp\/v2\/pages\/120","targetHints":{"allow":["GET"]}}],"collection":[{"href":"https:\/\/colegcalifornia.edu.mx\/index.php\/wp-json\/wp\/v2\/pages"}],"about":[{"href":"https:\/\/colegcalifornia.edu.mx\/index.php\/wp-json\/wp\/v2\/types\/page"}],"author":[{"embeddable":true,"href":"https:\/\/colegcalifornia.edu.mx\/index.php\/wp-json\/wp\/v2\/users\/1"}],"replies":[{"embeddable":true,"href":"https:\/\/colegcalifornia.edu.mx\/index.php\/wp-json\/wp\/v2\/comments?post=120"}],"version-history":[{"count":15,"href":"https:\/\/colegcalifornia.edu.mx\/index.php\/wp-json\/wp\/v2\/pages\/120\/revisions"}],"predecessor-version":[{"id":448,"href":"https:\/\/colegcalifornia.edu.mx\/index.php\/wp-json\/wp\/v2\/pages\/120\/revisions\/448"}],"wp:attachment":[{"href":"https:\/\/colegcalifornia.edu.mx\/index.php\/wp-json\/wp\/v2\/media?parent=120"}],"curies":[{"name":"wp","href":"https:\/\/api.w.org\/{rel}","templated":true}]}}