{"id":113,"date":"2025-01-29T03:01:21","date_gmt":"2025-01-29T03:01:21","guid":{"rendered":"https:\/\/colegiocalifornia.mx\/?page_id=113"},"modified":"2025-01-30T16:58:38","modified_gmt":"2025-01-30T16:58:38","slug":"mision-vision-y-valores","status":"publish","type":"page","link":"https:\/\/colegcalifornia.edu.mx\/index.php\/mision-vision-y-valores\/","title":{"rendered":"Misi\u00f3n, Visi\u00f3n y Valores"},"content":{"rendered":"<p><span style=\"color: #000080;\"><strong>\u00abMisi\u00f3n\u00bb<\/strong><\/span><\/p>\n<p>&nbsp;<\/p>\n<p><img loading=\"lazy\" decoding=\"async\" class=\" wp-image-248 aligncenter\" src=\"https:\/\/colegcalifornia.edu.mx\/wp-content\/uploads\/2025\/01\/p1-300x94.png\" alt=\"\" width=\"537\" height=\"168\" srcset=\"https:\/\/colegcalifornia.edu.mx\/wp-content\/uploads\/2025\/01\/p1-300x94.png 300w, https:\/\/colegcalifornia.edu.mx\/wp-content\/uploads\/2025\/01\/p1-360x113.png 360w, https:\/\/colegcalifornia.edu.mx\/wp-content\/uploads\/2025\/01\/p1.png 448w\" sizes=\"auto, (max-width: 537px) 100vw, 537px\" \/><\/p>\n<p>&nbsp;<\/p>\n<blockquote><p><span style=\"color: #000080;\">Los colegios SIC, Impulsamos una formaci\u00f3n en todos los actores de la comunidad, que unidos con un mismo fin, construimos comunidades de aprendizaje y de fe interconectadas; una Comunidad donde alumnos, profesores, personal de apoyo, padres de familia y hermanas SIC, buscamos y hacemos presente el bien com\u00fan, con un enfoque en la persona en un ambiente escolar de familia, de Fe; un ambiente de aprendizaje y para el aprendizaje, con un clima organizacional que se identifica por una comunicaci\u00f3n asertiva, cordial, de bondad y servicio, un ambiente iluminado por los valores, altas expectativas de innovaci\u00f3n, con metas claras y alto grado de motivaci\u00f3n, que inspira y construye el proyecto de vida; una comunidad donde se impulsa el desarrollo de las competencias del S.XXI, donde los valores se hacen vida, se construye una cultura del cambio a partir de la colaboraci\u00f3n, de cordialidad y de constante innovaci\u00f3n.<\/span><\/p><\/blockquote>\n<p>&nbsp;<\/p>\n<p><strong style=\"color: #000080;\">\u00abVisi\u00f3n\u00bb<\/strong><\/p>\n<p>&nbsp;<\/p>\n<p><img loading=\"lazy\" decoding=\"async\" class=\"wp-image-250 aligncenter\" src=\"https:\/\/colegcalifornia.edu.mx\/wp-content\/uploads\/2025\/01\/p9-300x158.png\" alt=\"\" width=\"685\" height=\"361\" srcset=\"https:\/\/colegcalifornia.edu.mx\/wp-content\/uploads\/2025\/01\/p9-300x158.png 300w, https:\/\/colegcalifornia.edu.mx\/wp-content\/uploads\/2025\/01\/p9-360x190.png 360w, https:\/\/colegcalifornia.edu.mx\/wp-content\/uploads\/2025\/01\/p9.png 448w\" sizes=\"auto, (max-width: 685px) 100vw, 685px\" \/><\/p>\n<p>&nbsp;<\/p>\n<blockquote>\n<p class=\"wp-block-heading\"><span style=\"color: #000080;\">Los colegios SIC, inspirados en un carisma congregacional, cuya esencia est\u00e1 encarnada en el Misterio de \u201chijos de Dios y Miembros del Cuerpo M\u00edstico de Cristo\u201d, nos visualizamos como Comunidades de Aprendizaje y de fe interconectadas, donde se encarna y establece una cultura de relaciones, nos convierte en instituciones de excelencia educativa, que forman a sus alumnos en altas expectativas, autonom\u00eda en el aprendizaje, innovaci\u00f3n, y valores que les permita una formaci\u00f3n permanente, que sea parte integral de su proyecto de vida, para que como miembros activos, positivos, colaborativos y creyentes, busquen incasablemente el bien com\u00fan en su entorno, en su Patria, en la Iglesia y sean felices.<\/span><\/p>\n<\/blockquote>\n<p>&nbsp;<\/p>\n<p><span style=\"color: #000080;\"><strong>\u00abValores\u00bb<\/strong><\/span><\/p>\n<p><img loading=\"lazy\" decoding=\"async\" class=\" wp-image-253 aligncenter\" src=\"https:\/\/colegcalifornia.edu.mx\/wp-content\/uploads\/2025\/01\/2b-300x170.png\" alt=\"\" width=\"646\" height=\"366\" srcset=\"https:\/\/colegcalifornia.edu.mx\/wp-content\/uploads\/2025\/01\/2b-300x170.png 300w, https:\/\/colegcalifornia.edu.mx\/wp-content\/uploads\/2025\/01\/2b-360x204.png 360w, https:\/\/colegcalifornia.edu.mx\/wp-content\/uploads\/2025\/01\/2b.png 448w\" sizes=\"auto, (max-width: 646px) 100vw, 646px\" \/><\/p>\n<p>&nbsp;<\/p>\n<blockquote>\n<p style=\"text-align: left;\"><span style=\"color: #000080;\">Los valores que se viven en los colegios SIC son los siguientes:<\/span><br \/>\n<span style=\"color: #000080;\">1. Fe<\/span><br \/>\n<span style=\"color: #000080;\">2. Caridad<\/span><br \/>\n<span style=\"color: #000080;\">3. Sencillez<\/span><br \/>\n<span style=\"color: #000080;\">4. Humildad<\/span><br \/>\n<span style=\"color: #000080;\">5. Pureza<\/span><br \/>\n<span style=\"color: #000080;\">6. Alegr\u00eda<\/span><br \/>\n<span style=\"color: #000080;\">7. Abnegaci\u00f3n<\/span><br \/>\n<span style=\"color: #000080;\">8. Obediencia<\/span><br \/>\n<span style=\"color: #000080;\">9. Servicio<\/span><br \/>\n<span style=\"color: #000080;\">10. Honestidad<\/span><br \/>\n<span style=\"color: #000080;\">11. Respeto<\/span><br \/>\n<span style=\"color: #000080;\">12. Amor a Dios y a la Sant\u00edsima Virgen Inmaculada.<\/span><\/p>\n<\/blockquote>\n<p><span style=\"color: #000080;\">Viviendo estos valores en nuestros centros de apostolado, logramos los siguientes frutos: Respeto, di\u00e1logo, perd\u00f3n, aceptaci\u00f3n, superaci\u00f3n, responsabilidad, oraci\u00f3n, reflexi\u00f3n, formaci\u00f3n espiritual, docilidad, confianza, entusiasmo, ambiente fraterno, servicio, colaboraci\u00f3n, compromiso, comprensi\u00f3n, liderazgo y excelencia humana.<\/span><\/p>\n<p>&nbsp;<\/p>\n<p>&nbsp;<\/p>\n","protected":false},"excerpt":{"rendered":"<p>\u00abMisi\u00f3n\u00bb &nbsp; &nbsp; Los colegios SIC, Impulsamos una formaci\u00f3n en todos los actores de la comunidad, que unidos con un mismo fin, construimos comunidades de aprendizaje y de fe interconectadas; una Comunidad donde alumnos, profesores, personal de apoyo, padres de <a href=\"https:\/\/colegcalifornia.edu.mx\/index.php\/mision-vision-y-valores\/\" class=\"read-more\">Leer m\u00e1s&#8230;<\/a><\/p>\n","protected":false},"author":1,"featured_media":0,"parent":0,"menu_order":0,"comment_status":"closed","ping_status":"closed","template":"","meta":{"footnotes":""},"class_list":["post-113","page","type-page","status-publish","hentry"],"_links":{"self":[{"href":"https:\/\/colegcalifornia.edu.mx\/index.php\/wp-json\/wp\/v2\/pages\/113","targetHints":{"allow":["GET"]}}],"collection":[{"href":"https:\/\/colegcalifornia.edu.mx\/index.php\/wp-json\/wp\/v2\/pages"}],"about":[{"href":"https:\/\/colegcalifornia.edu.mx\/index.php\/wp-json\/wp\/v2\/types\/page"}],"author":[{"embeddable":true,"href":"https:\/\/colegcalifornia.edu.mx\/index.php\/wp-json\/wp\/v2\/users\/1"}],"replies":[{"embeddable":true,"href":"https:\/\/colegcalifornia.edu.mx\/index.php\/wp-json\/wp\/v2\/comments?post=113"}],"version-history":[{"count":14,"href":"https:\/\/colegcalifornia.edu.mx\/index.php\/wp-json\/wp\/v2\/pages\/113\/revisions"}],"predecessor-version":[{"id":254,"href":"https:\/\/colegcalifornia.edu.mx\/index.php\/wp-json\/wp\/v2\/pages\/113\/revisions\/254"}],"wp:attachment":[{"href":"https:\/\/colegcalifornia.edu.mx\/index.php\/wp-json\/wp\/v2\/media?parent=113"}],"curies":[{"name":"wp","href":"https:\/\/api.w.org\/{rel}","templated":true}]}}