{"id":109,"date":"2025-01-29T02:57:56","date_gmt":"2025-01-29T02:57:56","guid":{"rendered":"https:\/\/colegiocalifornia.mx\/?page_id=109"},"modified":"2026-01-10T18:13:25","modified_gmt":"2026-01-10T18:13:25","slug":"quienes-somos","status":"publish","type":"page","link":"https:\/\/colegcalifornia.edu.mx\/index.php\/quienes-somos\/","title":{"rendered":"Qui\u00e9nes somos"},"content":{"rendered":"<blockquote>\n<p style=\"text-align: center;\"><span style=\"color: #000080;\"><strong>El Colegio California es una Instituci\u00f3n Cat\u00f3lica privada, dirigido por las hermanas de la \u00abCongregaci\u00f3n <\/strong><strong>Siervas de la Inmaculada Concepci\u00f3n\u00bb<\/strong><\/span><\/p>\n<\/blockquote>\n<p>&nbsp;<\/p>\n<p><img loading=\"lazy\" decoding=\"async\" class=\"wp-image-202 aligncenter\" src=\"https:\/\/colegcalifornia.edu.mx\/wp-content\/uploads\/2025\/01\/foto1-300x200.jpg\" alt=\"\" width=\"812\" height=\"541\" srcset=\"https:\/\/colegcalifornia.edu.mx\/wp-content\/uploads\/2025\/01\/foto1-300x200.jpg 300w, https:\/\/colegcalifornia.edu.mx\/wp-content\/uploads\/2025\/01\/foto1-768x512.jpg 768w, https:\/\/colegcalifornia.edu.mx\/wp-content\/uploads\/2025\/01\/foto1-360x240.jpg 360w, https:\/\/colegcalifornia.edu.mx\/wp-content\/uploads\/2025\/01\/foto1.jpg 1024w\" sizes=\"auto, (max-width: 812px) 100vw, 812px\" \/><\/p>\n<p>&nbsp;<\/p>\n<blockquote>\n<p style=\"text-align: center;\"><span style=\"color: #000080;\"><strong>La Congregaci\u00f3n de las Siervas de la Inmaculada Concepci\u00f3n (SIC)<\/strong> naci\u00f3 formalmente el 12 de mayo de 1945 en la Villa de Guadalupe en el Distrito Federal, donde las primeras hermanas se formaron religiosa y acad\u00e9micamente, para regresar m\u00e1s tarde a servir a la di\u00f3cesis de Tac\u00e1mbaro, para la cual fueron fundadas.\u00a0<\/span><\/p>\n<\/blockquote>\n<p>&nbsp;<\/p>\n<p><img loading=\"lazy\" decoding=\"async\" class=\" wp-image-452 aligncenter\" src=\"https:\/\/colegcalifornia.edu.mx\/wp-content\/uploads\/2025\/02\/sic1-300x196.jpg\" alt=\"\" width=\"807\" height=\"528\" srcset=\"https:\/\/colegcalifornia.edu.mx\/wp-content\/uploads\/2025\/02\/sic1-300x196.jpg 300w, https:\/\/colegcalifornia.edu.mx\/wp-content\/uploads\/2025\/02\/sic1-360x235.jpg 360w, https:\/\/colegcalifornia.edu.mx\/wp-content\/uploads\/2025\/02\/sic1.jpg 448w\" sizes=\"auto, (max-width: 807px) 100vw, 807px\" \/><\/p>\n<p>&nbsp;<\/p>\n<blockquote><p><span style=\"color: #000080;\"><b>Nacimos como un don del Esp\u00edritu Santo<\/b>\u00a0en la Iglesia, para\u00a0<b>participar en la tarea de la evangelizaci\u00f3n<\/b> de nuestros pueblos, para dar respuesta a la necesidad de formaci\u00f3n acad\u00e9mica y espiritual de los ni\u00f1os y j\u00f3venes, \u201csobre todo en aquellos lugares m\u00e1s incomunicados y donde es m\u00e1s sentida la pobreza de sus gentes\u201d. (Constituciones SIC, 81)<\/span><\/p><\/blockquote>\n<p>&nbsp;<\/p>\n<p>&nbsp;<\/p>\n","protected":false},"excerpt":{"rendered":"<p>El Colegio California es una Instituci\u00f3n Cat\u00f3lica privada, dirigido por las hermanas de la \u00abCongregaci\u00f3n Siervas de la Inmaculada Concepci\u00f3n\u00bb &nbsp; &nbsp; La Congregaci\u00f3n de las Siervas de la Inmaculada Concepci\u00f3n (SIC) naci\u00f3 formalmente el 12 de mayo de 1945 <a href=\"https:\/\/colegcalifornia.edu.mx\/index.php\/quienes-somos\/\" class=\"read-more\">Leer m\u00e1s&#8230;<\/a><\/p>\n","protected":false},"author":1,"featured_media":0,"parent":0,"menu_order":0,"comment_status":"closed","ping_status":"closed","template":"","meta":{"footnotes":""},"class_list":["post-109","page","type-page","status-publish","hentry"],"_links":{"self":[{"href":"https:\/\/colegcalifornia.edu.mx\/index.php\/wp-json\/wp\/v2\/pages\/109","targetHints":{"allow":["GET"]}}],"collection":[{"href":"https:\/\/colegcalifornia.edu.mx\/index.php\/wp-json\/wp\/v2\/pages"}],"about":[{"href":"https:\/\/colegcalifornia.edu.mx\/index.php\/wp-json\/wp\/v2\/types\/page"}],"author":[{"embeddable":true,"href":"https:\/\/colegcalifornia.edu.mx\/index.php\/wp-json\/wp\/v2\/users\/1"}],"replies":[{"embeddable":true,"href":"https:\/\/colegcalifornia.edu.mx\/index.php\/wp-json\/wp\/v2\/comments?post=109"}],"version-history":[{"count":11,"href":"https:\/\/colegcalifornia.edu.mx\/index.php\/wp-json\/wp\/v2\/pages\/109\/revisions"}],"predecessor-version":[{"id":625,"href":"https:\/\/colegcalifornia.edu.mx\/index.php\/wp-json\/wp\/v2\/pages\/109\/revisions\/625"}],"wp:attachment":[{"href":"https:\/\/colegcalifornia.edu.mx\/index.php\/wp-json\/wp\/v2\/media?parent=109"}],"curies":[{"name":"wp","href":"https:\/\/api.w.org\/{rel}","templated":true}]}}